{"id":6503,"date":"2024-12-13T10:32:32","date_gmt":"2024-12-13T02:32:32","guid":{"rendered":"https:\/\/hdicircuitboard.com\/datenschutzerklaerung\/"},"modified":"2025-12-02T18:46:54","modified_gmt":"2025-12-02T10:46:54","slug":"datenschutzerklaerung","status":"publish","type":"page","link":"https:\/\/hdicircuitboard.com\/de\/datenschutzerklaerung\/","title":{"rendered":"Datenschutzerkl\u00e4rung"},"content":{"rendered":"\n<h2 class=\"wp-block-heading\">Wer wir sind<\/h2>\n\n<p>Unsere Website-Adresse lautet: https:\/\/hdicircuitboard.com.<\/p>\n\n<h2 class=\"wp-block-heading\">Kommentare<\/h2>\n\n<p>Wenn Besucher Kommentare auf der Website hinterlassen, erfassen wir die im Kommentarformular angezeigten Daten sowie die IP-Adresse des Besuchers und den User-Agent-String des Browsers, um Spam-Erkennung zu unterst\u00fctzen.<\/p>\n\n<p>Eine anonymisierte Zeichenfolge (Hash), die aus Ihrer E-Mail-Adresse erstellt wird, kann an den Gravatar-Dienst \u00fcbermittelt werden, um zu pr\u00fcfen, ob Sie diesen nutzen. Die Datenschutzerkl\u00e4rung des Gravatar-Dienstes finden Sie hier: https:\/\/automattic.com\/privacy\/. Nach der Freigabe Ihres Kommentars ist Ihr Profilbild \u00f6ffentlich im Kontext Ihres Kommentars sichtbar. <\/p>\n\n<h2 class=\"wp-block-heading\">Medien<\/h2>\n\n<p>Wenn Sie Bilder auf die Website hochladen, sollten Sie vermeiden, Bilder mit eingebetteten Standortdaten (EXIF-GPS) hochzuladen. Besucher der Website k\u00f6nnen Standortdaten aus den Bildern auf der Website herunterladen und extrahieren. <\/p>\n\n<h2 class=\"wp-block-heading\">Cookies<\/h2>\n\n<p>Wenn Sie einen Kommentar auf unserer Website hinterlassen, k\u00f6nnen Sie sich entscheiden, Ihren Namen, Ihre E-Mail-Adresse und Website in Cookies zu speichern. Diese dienen Ihrer Bequemlichkeit, damit Sie diese Daten nicht erneut eingeben m\u00fcssen, wenn Sie einen weiteren Kommentar verfassen. Diese Cookies bleiben ein Jahr lang gespeichert.  <\/p>\n\n<p>Wenn Sie unsere Anmeldeseite besuchen, setzen wir einen tempor\u00e4ren Cookie, um festzustellen, ob Ihr Browser Cookies akzeptiert. Dieser Cookie enth\u00e4lt keine personenbezogenen Daten und wird verworfen, wenn Sie Ihren Browser schlie\u00dfen. <\/p>\n\n<p>Wenn Sie sich anmelden, richten wir mehrere Cookies ein, um Ihre Anmeldeinformationen und Ihre Bildschirmanzeige-Einstellungen zu speichern. Anmelde-Cookies bleiben zwei Tage lang erhalten, und Bildschirmoptionen-Cookies bleiben ein Jahr lang erhalten. Wenn Sie \u201eAngemeldet bleiben\u201c ausw\u00e4hlen, bleibt Ihre Anmeldung zwei Wochen lang aktiv. Wenn Sie sich aus Ihrem Konto abmelden, werden die Anmelde-Cookies entfernt.   <\/p>\n\n<p>Wenn Sie einen Artikel bearbeiten oder ver\u00f6ffentlichen, wird ein zus\u00e4tzlicher Cookie in Ihrem Browser gespeichert. Dieser Cookie enth\u00e4lt keine personenbezogenen Daten und zeigt lediglich die Beitrags-ID des von Ihnen bearbeiteten Artikels an. Er l\u00e4uft nach einem Tag ab.  <\/p>\n\n<h2 class=\"wp-block-heading\">Eingebettete Inhalte von anderen Websites<\/h2>\n\n<p>Artikel auf dieser Website k\u00f6nnen eingebettete Inhalte (z. B. Videos, Bilder, Artikel usw.) enthalten. Eingebettete Inhalte von anderen Websites verhalten sich genauso, als ob der Besucher die andere Website besucht h\u00e4tte. <\/p>\n\n<p>Diese Websites k\u00f6nnen Daten \u00fcber Sie sammeln, Cookies verwenden, zus\u00e4tzliche Tracking-Dienste von Drittanbietern einbetten und Ihre Interaktion mit diesen eingebetteten Inhalten \u00fcberwachen, einschlie\u00dflich der Nachverfolgung Ihrer Interaktion, wenn Sie ein Konto haben und auf dieser Website angemeldet sind.<\/p>\n\n<h2 class=\"wp-block-heading\">Mit wem wir Ihre Daten teilen<\/h2>\n\n<p>Wenn Sie eine Passwort-Zur\u00fccksetzung anfordern, wird Ihre IP-Adresse in der Zur\u00fccksetzungs-E-Mail enthalten sein.<\/p>\n\n<h2 class=\"wp-block-heading\">Wie lange wir Ihre Daten speichern<\/h2>\n\n<p>Wenn Sie einen Kommentar hinterlassen, werden der Kommentar und seine Metadaten unbegrenzt gespeichert. Dies erm\u00f6glicht es uns, Folgekommentare automatisch zu erkennen und freizugeben, anstatt sie in einer Moderations-Warteschlange zu halten. <\/p>\n\n<p>F\u00fcr Benutzer, die sich auf unserer Website registrieren (sofern vorhanden), speichern wir auch die von ihnen im Benutzerprofil angegebenen pers\u00f6nlichen Informationen. Alle Benutzer k\u00f6nnen ihre pers\u00f6nlichen Daten jederzeit einsehen, bearbeiten oder l\u00f6schen (mit Ausnahme des Benutzernamens, der nicht ge\u00e4ndert werden kann). Website-Administratoren k\u00f6nnen diese Informationen ebenfalls einsehen und bearbeiten.  <\/p>\n\n<h2 class=\"wp-block-heading\">Welche Rechte Sie bez\u00fcglich Ihrer Daten haben<\/h2>\n\n<p>Wenn Sie ein Konto auf dieser Website haben oder Kommentare hinterlassen haben, k\u00f6nnen Sie eine exportierte Datei der von uns gespeicherten personenbezogenen Daten anfordern, einschlie\u00dflich aller Daten, die Sie uns bereitgestellt haben. Sie k\u00f6nnen auch verlangen, dass wir alle personenbezogenen Daten l\u00f6schen, die wir \u00fcber Sie gespeichert haben. Dies umfasst keine Daten, die wir aus administrativen, rechtlichen oder sicherheitsrelevanten Gr\u00fcnden aufbewahren m\u00fcssen.  <\/p>\n\n<h2 class=\"wp-block-heading\">Wohin Ihre Daten gesendet werden<\/h2>\n\n<p>Besucherkommentare k\u00f6nnen durch einen automatisierten Spam-Erkennungsdienst \u00fcberpr\u00fcft werden.<\/p>\n","protected":false},"excerpt":{"rendered":"<p>Wer wir sind Unsere Website-Adresse lautet: https:\/\/hdicircuitboard.com. Kommentare Wenn Besucher Kommentare auf der Website hinterlassen, erfassen wir die im Kommentarformular angezeigten Daten sowie die IP-Adresse des Besuchers und den User-Agent-String des Browsers, um Spam-Erkennung zu unterst\u00fctzen. Eine anonymisierte Zeichenfolge (Hash), die aus Ihrer E-Mail-Adresse erstellt wird, kann an den Gravatar-Dienst \u00fcbermittelt werden, um zu pr\u00fcfen, [&hellip;]<\/p>\n","protected":false},"author":1,"featured_media":0,"parent":0,"menu_order":0,"comment_status":"closed","ping_status":"open","template":"","meta":{"footnotes":""},"class_list":["post-6503","page","type-page","status-publish","hentry"],"blocksy_meta":{"has_hero_section":"enabled","hero_elements":[{"id":"custom_title","enabled":true,"heading_tag":"h1","title":"Home","__id":"bA4NeOJ7s2DHlpdqMHUWo"},{"id":"custom_description","enabled":true,"description_visibility":{"desktop":true,"tablet":true,"mobile":false},"__id":"M-ilGLft2tb-igCyt8lhC"},{"id":"custom_meta","enabled":false,"meta_elements":[{"id":"author","enabled":true,"label":"By","has_author_avatar":"yes","avatar_size":25},{"id":"post_date","enabled":true,"label":"On","date_format_source":"default","date_format":"M j, Y"},{"id":"updated_date","enabled":false,"label":"On","date_format_source":"default","date_format":"M j, Y"},{"id":"categories","enabled":false,"label":"In","style":"simple"},{"id":"comments","enabled":true}],"page_meta_elements":{"joined":true,"articles_count":true,"comments":true},"__id":"GoNz5wKaIbsuC3hvEPfD2"},{"id":"breadcrumbs","enabled":false,"__id":"nIfTc7Gx6Xtqt4DpB0OVh"},{"id":"content-block","enabled":false,"__id":"KRd8hlpqIyqDm94QZT2Ty"}],"pageTitleFont":{"family":"Default","variation":"Default","size":"56px","line-height":"CT_CSS_SKIP_RULE","letter-spacing":"CT_CSS_SKIP_RULE","text-transform":"CT_CSS_SKIP_RULE","text-decoration":"CT_CSS_SKIP_RULE"},"styles_descriptor":{"styles":{"desktop":"[data-prefix=\"single_page\"] .entry-header .page-title {--theme-font-size:56px;} [data-prefix=\"single_page\"] .entry-header .entry-meta {--theme-font-weight:600;--theme-text-transform:uppercase;--theme-font-size:12px;--theme-line-height:1.3;}","tablet":"","mobile":""},"google_fonts":{"Open Sans":["n4","n6"]},"version":6}},"_links":{"self":[{"href":"https:\/\/hdicircuitboard.com\/de\/wp-json\/wp\/v2\/pages\/6503","targetHints":{"allow":["GET"]}}],"collection":[{"href":"https:\/\/hdicircuitboard.com\/de\/wp-json\/wp\/v2\/pages"}],"about":[{"href":"https:\/\/hdicircuitboard.com\/de\/wp-json\/wp\/v2\/types\/page"}],"author":[{"embeddable":true,"href":"https:\/\/hdicircuitboard.com\/de\/wp-json\/wp\/v2\/users\/1"}],"replies":[{"embeddable":true,"href":"https:\/\/hdicircuitboard.com\/de\/wp-json\/wp\/v2\/comments?post=6503"}],"version-history":[{"count":1,"href":"https:\/\/hdicircuitboard.com\/de\/wp-json\/wp\/v2\/pages\/6503\/revisions"}],"predecessor-version":[{"id":6504,"href":"https:\/\/hdicircuitboard.com\/de\/wp-json\/wp\/v2\/pages\/6503\/revisions\/6504"}],"wp:attachment":[{"href":"https:\/\/hdicircuitboard.com\/de\/wp-json\/wp\/v2\/media?parent=6503"}],"curies":[{"name":"wp","href":"https:\/\/api.w.org\/{rel}","templated":true}]}}