{"id":7845,"date":"2024-12-13T10:32:32","date_gmt":"2024-12-13T02:32:32","guid":{"rendered":"https:\/\/hdicircuitboard.com\/politica-de-privacidad\/"},"modified":"2025-12-12T16:51:16","modified_gmt":"2025-12-12T08:51:16","slug":"politica-de-privacidad","status":"publish","type":"page","link":"https:\/\/hdicircuitboard.com\/es\/politica-de-privacidad\/","title":{"rendered":"Pol\u00edtica de Privacidad"},"content":{"rendered":"\n<h2 class=\"wp-block-heading\">Qui\u00e9nes somos<\/h2>\n\n<p>La direcci\u00f3n de nuestro sitio web es: https:\/\/hdicircuitboard.com.<\/p>\n\n<h2 class=\"wp-block-heading\">Comentarios<\/h2>\n\n<p>Cuando los visitantes dejan comentarios en el sitio, recopilamos los datos mostrados en el formulario de comentarios, as\u00ed como la direcci\u00f3n IP del visitante y la cadena de agente de usuario del navegador para ayudar a la detecci\u00f3n de spam.<\/p>\n\n<p>Una cadena an\u00f3nima creada a partir de tu direcci\u00f3n de correo electr\u00f3nico (tambi\u00e9n llamada hash) puede ser proporcionada al servicio Gravatar para verificar si lo est\u00e1s utilizando. La pol\u00edtica de privacidad de Gravatar est\u00e1 disponible aqu\u00ed: https:\/\/automattic.com\/privacy\/. Despu\u00e9s de la aprobaci\u00f3n de tu comentario, tu imagen de perfil ser\u00e1 visible para el p\u00fablico en el contexto de tu comentario. <\/p>\n\n<h2 class=\"wp-block-heading\">Medios<\/h2>\n\n<p>Si subes im\u00e1genes al sitio web, evita cargar im\u00e1genes con datos de ubicaci\u00f3n incrustados (EXIF GPS). Los visitantes del sitio pueden descargar y extraer cualquier dato de ubicaci\u00f3n de las im\u00e1genes en el sitio web. <\/p>\n\n<h2 class=\"wp-block-heading\">Cookies<\/h2>\n\n<p>Si dejas un comentario en nuestro sitio, puedes optar por guardar tu nombre, direcci\u00f3n de correo electr\u00f3nico y sitio web en cookies. Esto es para tu comodidad, para que no tengas que volver a llenar tus datos cuando dejes otro comentario. Estas cookies tendr\u00e1n una duraci\u00f3n de un a\u00f1o.  <\/p>\n\n<p>Si visitas nuestra p\u00e1gina de inicio de sesi\u00f3n, estableceremos una cookie temporal para determinar si tu navegador acepta cookies. Esta cookie no contiene datos personales y se descarta cuando cierras tu navegador. <\/p>\n\n<p>Cuando inicias sesi\u00f3n, tambi\u00e9n configuraremos varias cookies para guardar tu informaci\u00f3n de inicio de sesi\u00f3n y tus preferencias de visualizaci\u00f3n de pantalla. Las cookies de inicio de sesi\u00f3n duran dos d\u00edas, y las cookies de opciones de pantalla duran un a\u00f1o. Si seleccionas \u00abRecu\u00e9rdame\u00bb, tu inicio de sesi\u00f3n persistir\u00e1 durante dos semanas. Si cierras sesi\u00f3n en tu cuenta, las cookies de inicio de sesi\u00f3n se eliminar\u00e1n.   <\/p>\n\n<p>Si editas o publicas un art\u00edculo, se guardar\u00e1 una cookie adicional en tu navegador. Esta cookie no incluye datos personales y simplemente indica el ID de la publicaci\u00f3n que acabas de editar. Caduca despu\u00e9s de 1 d\u00eda.  <\/p>\n\n<h2 class=\"wp-block-heading\">Contenido incrustado de otros sitios web<\/h2>\n\n<p>Los art\u00edculos en este sitio pueden incluir contenido incrustado (por ejemplo, videos, im\u00e1genes, art\u00edculos, etc.). Este contenido de otros sitios web se comporta exactamente igual que si el visitante hubiera accedido directamente al sitio web de origen. <\/p>\n\n<p>Estos sitios web pueden recopilar datos sobre ti, utilizar cookies, incrustar sistemas de seguimiento de terceros y monitorear tu interacci\u00f3n con dicho contenido, incluyendo el rastreo de tu actividad si tienes una cuenta y has iniciado sesi\u00f3n en ese sitio web.<\/p>\n\n<h2 class=\"wp-block-heading\">Con qui\u00e9n compartimos tus datos<\/h2>\n\n<p>Si solicitas un restablecimiento de contrase\u00f1a, tu direcci\u00f3n IP ser\u00e1 incluida en el correo electr\u00f3nico de recuperaci\u00f3n.<\/p>\n\n<h2 class=\"wp-block-heading\">Por cu\u00e1nto tiempo conservamos tus datos<\/h2>\n\n<p>Si dejas un comentario, el comentario y sus metadatos se conservan indefinidamente. Esto nos permite reconocer y aprobar autom\u00e1ticamente comentarios posteriores en lugar de retenerlos en una cola de moderaci\u00f3n. <\/p>\n\n<p>Para los usuarios registrados en nuestro sitio web (si aplica), tambi\u00e9n almacenamos la informaci\u00f3n personal que proporcionan en su perfil de usuario. Todos los usuarios pueden ver, editar o eliminar su informaci\u00f3n personal en cualquier momento (excepto que no pueden cambiar su nombre de usuario). Los administradores del sitio tambi\u00e9n pueden ver y editar esta informaci\u00f3n.  <\/p>\n\n<h2 class=\"wp-block-heading\">Qu\u00e9 derechos tienes sobre tus datos<\/h2>\n\n<p>Si tienes una cuenta en este sitio o has dejado comentarios, puedes solicitar recibir un archivo exportado con los datos personales que tenemos sobre ti, incluyendo cualquier informaci\u00f3n que nos hayas proporcionado. Tambi\u00e9n puedes solicitar que borremos cualquier dato personal que tengamos sobre ti. Esto no incluye datos que estemos obligados a conservar por motivos administrativos, legales o de seguridad.  <\/p>\n\n<h2 class=\"wp-block-heading\">A d\u00f3nde se env\u00edan tus datos<\/h2>\n\n<p>Los comentarios de visitantes pueden ser verificados mediante un servicio autom\u00e1tico de detecci\u00f3n de spam.<\/p>\n","protected":false},"excerpt":{"rendered":"<p>Qui\u00e9nes somos La direcci\u00f3n de nuestro sitio web es: https:\/\/hdicircuitboard.com. Comentarios Cuando los visitantes dejan comentarios en el sitio, recopilamos los datos mostrados en el formulario de comentarios, as\u00ed como la direcci\u00f3n IP del visitante y la cadena de agente de usuario del navegador para ayudar a la detecci\u00f3n de spam. Una cadena an\u00f3nima creada [&hellip;]<\/p>\n","protected":false},"author":1,"featured_media":0,"parent":0,"menu_order":0,"comment_status":"closed","ping_status":"open","template":"","meta":{"footnotes":""},"class_list":["post-7845","page","type-page","status-publish","hentry"],"blocksy_meta":{"has_hero_section":"enabled","hero_elements":[{"id":"custom_title","enabled":true,"heading_tag":"h1","title":"Home","__id":"bA4NeOJ7s2DHlpdqMHUWo"},{"id":"custom_description","enabled":true,"description_visibility":{"desktop":true,"tablet":true,"mobile":false},"__id":"M-ilGLft2tb-igCyt8lhC"},{"id":"custom_meta","enabled":false,"meta_elements":[{"id":"author","enabled":true,"label":"By","has_author_avatar":"yes","avatar_size":25},{"id":"post_date","enabled":true,"label":"On","date_format_source":"default","date_format":"M j, Y"},{"id":"updated_date","enabled":false,"label":"On","date_format_source":"default","date_format":"M j, Y"},{"id":"categories","enabled":false,"label":"In","style":"simple"},{"id":"comments","enabled":true}],"page_meta_elements":{"joined":true,"articles_count":true,"comments":true},"__id":"GoNz5wKaIbsuC3hvEPfD2"},{"id":"breadcrumbs","enabled":false,"__id":"nIfTc7Gx6Xtqt4DpB0OVh"},{"id":"content-block","enabled":false,"__id":"KRd8hlpqIyqDm94QZT2Ty"}],"pageTitleFont":{"family":"Default","variation":"Default","size":"56px","line-height":"CT_CSS_SKIP_RULE","letter-spacing":"CT_CSS_SKIP_RULE","text-transform":"CT_CSS_SKIP_RULE","text-decoration":"CT_CSS_SKIP_RULE"},"styles_descriptor":{"styles":{"desktop":"[data-prefix=\"single_page\"] .entry-header .page-title {--theme-font-size:56px;} [data-prefix=\"single_page\"] .entry-header .entry-meta {--theme-font-weight:600;--theme-text-transform:uppercase;--theme-font-size:12px;--theme-line-height:1.3;}","tablet":"","mobile":""},"google_fonts":{"Open Sans":["n4","n6"]},"version":6}},"_links":{"self":[{"href":"https:\/\/hdicircuitboard.com\/es\/wp-json\/wp\/v2\/pages\/7845","targetHints":{"allow":["GET"]}}],"collection":[{"href":"https:\/\/hdicircuitboard.com\/es\/wp-json\/wp\/v2\/pages"}],"about":[{"href":"https:\/\/hdicircuitboard.com\/es\/wp-json\/wp\/v2\/types\/page"}],"author":[{"embeddable":true,"href":"https:\/\/hdicircuitboard.com\/es\/wp-json\/wp\/v2\/users\/1"}],"replies":[{"embeddable":true,"href":"https:\/\/hdicircuitboard.com\/es\/wp-json\/wp\/v2\/comments?post=7845"}],"version-history":[{"count":1,"href":"https:\/\/hdicircuitboard.com\/es\/wp-json\/wp\/v2\/pages\/7845\/revisions"}],"predecessor-version":[{"id":7846,"href":"https:\/\/hdicircuitboard.com\/es\/wp-json\/wp\/v2\/pages\/7845\/revisions\/7846"}],"wp:attachment":[{"href":"https:\/\/hdicircuitboard.com\/es\/wp-json\/wp\/v2\/media?parent=7845"}],"curies":[{"name":"wp","href":"https:\/\/api.w.org\/{rel}","templated":true}]}}