{"id":7847,"date":"2025-01-14T02:14:02","date_gmt":"2025-01-13T18:14:02","guid":{"rendered":"https:\/\/hdicircuitboard.com\/terminos-y-condiciones\/"},"modified":"2025-12-12T16:57:47","modified_gmt":"2025-12-12T08:57:47","slug":"terminos-y-condiciones","status":"publish","type":"page","link":"https:\/\/hdicircuitboard.com\/es\/terminos-y-condiciones\/","title":{"rendered":"T\u00e9rminos y Condiciones"},"content":{"rendered":"\n<h2 class=\"wp-block-heading\">Facturaci\u00f3n y Pago<\/h2>\n\n<ul class=\"wp-block-list\">\n<li>Los pagos de todas las facturas se realizar\u00e1n seg\u00fan los t\u00e9rminos mencionados en las Cotizaciones y Facturas. El cliente no retendr\u00e1 el pago de facturas ya emitidas por ning\u00fan motivo, ya sea por mano de obra insatisfactoria, retrabajos pendientes, tarjetas no funcionales o cualquier otra raz\u00f3n. <\/li>\n\n\n\n<li>Todos los env\u00edos son DDU (Entrega Derechos No Pagados).<\/li>\n\n\n\n<li>Las facturas deben pagarse en su totalidad. No se permiten deducciones excepto basadas en una nota de cr\u00e9dito emitida por Benchuang Electronics. <\/li>\n<\/ul>\n\n<h2 class=\"wp-block-heading\">Cotizaci\u00f3n de Precios<\/h2>\n\n<ul class=\"wp-block-list\">\n<li>Los precios cotizados tienen una validez de 30 d\u00edas.<\/li>\n\n\n\n<li>Esta cotizaci\u00f3n est\u00e1 sujeta a cambios si la informaci\u00f3n en la que se bas\u00f3 resulta ser inexacta o incompleta.<\/li>\n\n\n\n<li>Las fechas de entrega est\u00e1n sujetas a cambios pendientes de disponibilidad de materiales especiales por parte de los proveedores.<\/li>\n<\/ul>\n\n<h2 class=\"wp-block-heading\">Responsabilidad<\/h2>\n\n<p>Limitada al valor m\u00e1ximo de la Orden de Compra (P.O.). Las \u00f3rdenes puestas en espera por discrepancias est\u00e1n sujetas a reprogramaci\u00f3n.<br\/><br\/>Se aplicar\u00e1n cargos por cancelaci\u00f3n si la orden es cancelada. Los cargos dependen del estado de la orden al momento de la cancelaci\u00f3n.<br\/><br\/>Los dise\u00f1os est\u00e1n sujetos a la programaci\u00f3n del taller al momento de realizar el pedido y ser\u00e1n evaluados para determinar su fabricabilidad. Todos los dise\u00f1os est\u00e1n sujetos a revisi\u00f3n de fabricabilidad. Tambi\u00e9n aplican restricciones tecnol\u00f3gicas y de programaci\u00f3n del taller.      <\/p>\n\n<h2 class=\"wp-block-heading\">Formatos de Archivo Aceptables<\/h2>\n\n<ul class=\"wp-block-list\">\n<li>Gerber RS274X<\/li>\n\n\n\n<li>HPGL1 &amp; 2<\/li>\n\n\n\n<li>DXF<\/li>\n\n\n\n<li>DWG<\/li>\n\n\n\n<li>Excellon<\/li>\n\n\n\n<li>ODB++<\/li>\n<\/ul>\n\n<h2 class=\"wp-block-heading\">Especificaciones Adicionales de Formatos:<\/h2>\n\n<p>Evite cualquier tipo de parche de trama cruzada (abierta o cerrada).<\/p>\n\n<p>Datos de AutoCAD: se prefieren pol\u00edgonos.<\/p>\n\n<p>Los pol\u00edgonos deben estar cerrados.<\/p>\n\n<p>Todas las aperturas deben ser de 0.5 mils o mayores.<\/p>\n\n<h2 class=\"wp-block-heading\">Pol\u00edtica de Reciclaje Verde:<\/h2>\n\n<p>En electr\u00f3nica, los circuitos impresos, tambi\u00e9n conocidos como placas verdes, se utilizan para soportar mec\u00e1nicamente y conectar el\u00e9ctricamente componentes electr\u00f3nicos mediante rutas conductoras o trazos grabados a partir de l\u00e1minas de cobre laminadas sobre un sustrato no conductor. Otros nombres incluyen placa de cableado impreso (PWB) y placa de cableado grabado.<br\/><br\/>La colocaci\u00f3n de componentes electr\u00f3nicos en la placa forma un conjunto de circuito impreso (PCA), tambi\u00e9n conocido como montaje de circuito impreso (PCBA). Esta tecnolog\u00eda se considera de bajo costo.<br\/><br\/>En Benchuang Electronics, reciclamos todo tipo de circuitos impresos que desechamos, tanto placas pobladas como no pobladas. En el proceso de reciclaje de estas placas, los metales preciosos utilizados en su fabricaci\u00f3n pueden recuperarse hasta en un 99%.    <\/p>\n","protected":false},"excerpt":{"rendered":"<p>Facturaci\u00f3n y Pago Cotizaci\u00f3n de Precios Responsabilidad Limitada al valor m\u00e1ximo de la Orden de Compra (P.O.). Las \u00f3rdenes puestas en espera por discrepancias est\u00e1n sujetas a reprogramaci\u00f3n. Se aplicar\u00e1n cargos por cancelaci\u00f3n si la orden es cancelada. Los cargos dependen del estado de la orden al momento de la cancelaci\u00f3n. Los dise\u00f1os est\u00e1n sujetos [&hellip;]<\/p>\n","protected":false},"author":1,"featured_media":0,"parent":0,"menu_order":0,"comment_status":"closed","ping_status":"closed","template":"","meta":{"footnotes":""},"class_list":["post-7847","page","type-page","status-publish","hentry"],"blocksy_meta":{"has_hero_section":"enabled","pageTitleFont":{"family":"Default","variation":"Default","size":"56px","line-height":"CT_CSS_SKIP_RULE","letter-spacing":"CT_CSS_SKIP_RULE","text-transform":"CT_CSS_SKIP_RULE","text-decoration":"CT_CSS_SKIP_RULE"},"styles_descriptor":{"styles":{"desktop":"[data-prefix=\"single_page\"] .entry-header .page-title {--theme-font-size:56px;} [data-prefix=\"single_page\"] .entry-header .entry-meta {--theme-font-weight:600;--theme-text-transform:uppercase;--theme-font-size:12px;--theme-line-height:1.3;}","tablet":"","mobile":""},"google_fonts":{"Open Sans":["n4","n6"]},"version":6}},"_links":{"self":[{"href":"https:\/\/hdicircuitboard.com\/es\/wp-json\/wp\/v2\/pages\/7847","targetHints":{"allow":["GET"]}}],"collection":[{"href":"https:\/\/hdicircuitboard.com\/es\/wp-json\/wp\/v2\/pages"}],"about":[{"href":"https:\/\/hdicircuitboard.com\/es\/wp-json\/wp\/v2\/types\/page"}],"author":[{"embeddable":true,"href":"https:\/\/hdicircuitboard.com\/es\/wp-json\/wp\/v2\/users\/1"}],"replies":[{"embeddable":true,"href":"https:\/\/hdicircuitboard.com\/es\/wp-json\/wp\/v2\/comments?post=7847"}],"version-history":[{"count":1,"href":"https:\/\/hdicircuitboard.com\/es\/wp-json\/wp\/v2\/pages\/7847\/revisions"}],"predecessor-version":[{"id":7848,"href":"https:\/\/hdicircuitboard.com\/es\/wp-json\/wp\/v2\/pages\/7847\/revisions\/7848"}],"wp:attachment":[{"href":"https:\/\/hdicircuitboard.com\/es\/wp-json\/wp\/v2\/media?parent=7847"}],"curies":[{"name":"wp","href":"https:\/\/api.w.org\/{rel}","templated":true}]}}