{"id":7052,"date":"2024-12-30T04:18:13","date_gmt":"2024-12-29T20:18:13","guid":{"rendered":"https:\/\/hdicircuitboard.com\/saada-tarjous\/"},"modified":"2025-12-08T18:54:05","modified_gmt":"2025-12-08T10:54:05","slug":"saada-tarjous","status":"publish","type":"page","link":"https:\/\/hdicircuitboard.com\/fi\/saada-tarjous\/","title":{"rendered":"SAADA TARJOUS"},"content":{"rendered":"\t\t<div data-elementor-type=\"wp-page\" data-elementor-id=\"7052\" class=\"elementor elementor-7052 elementor-65\" data-elementor-settings=\"{&quot;ha_cmc_init_switcher&quot;:&quot;no&quot;}\" data-elementor-post-type=\"page\">\n\t\t\t\t<div class=\"elementor-element elementor-element-3b82c98 e-flex e-con-boxed e-con e-parent\" data-id=\"3b82c98\" data-element_type=\"container\" data-settings=\"{&quot;background_background&quot;:&quot;classic&quot;,&quot;_ha_eqh_enable&quot;:false}\">\n\t\t\t\t\t<div class=\"e-con-inner\">\n\t\t<div class=\"elementor-element elementor-element-157209b e-con-full e-flex e-con e-child\" data-id=\"157209b\" data-element_type=\"container\" data-settings=\"{&quot;_ha_eqh_enable&quot;:false}\">\n\t\t<div class=\"elementor-element elementor-element-763af48 e-con-full e-flex e-con e-child\" data-id=\"763af48\" data-element_type=\"container\" data-settings=\"{&quot;_ha_eqh_enable&quot;:false}\">\n\t\t\t\t<div class=\"elementor-element elementor-element-47df530 elementor-widget elementor-widget-heading\" data-id=\"47df530\" data-element_type=\"widget\" data-widget_type=\"heading.default\">\n\t\t\t\t\t<h1 class=\"elementor-heading-title elementor-size-default\">SAADA TARJOUS<\/h1>\t\t\t\t<\/div>\n\t\t\t\t<div class=\"elementor-element elementor-element-3e0b3bd elementor-widget elementor-widget-text-editor\" data-id=\"3e0b3bd\" data-element_type=\"widget\" data-widget_type=\"text-editor.default\">\n\t\t\t\t\t\t\t\t\t<p>K\u00e4yt\u00e4 alla olevaa lomaketta l\u00e4hett\u00e4\u00e4ksesi pyynt\u00f6si<\/p>\n\t\t\t\t\t\t\t\t<\/div>\n\t\t\t\t<\/div>\n\t\t<div class=\"elementor-element elementor-element-daff6dc e-con-full e-flex e-con e-child\" data-id=\"daff6dc\" data-element_type=\"container\" data-settings=\"{&quot;_ha_eqh_enable&quot;:false}\">\n\t\t\t\t<div class=\"elementor-element elementor-element-c103505 elementor-widget elementor-widget-heading\" data-id=\"c103505\" data-element_type=\"widget\" data-widget_type=\"heading.default\">\n\t\t\t\t\t<div class=\"elementor-heading-title elementor-size-default\">Alla olevat tiedot on annettava ennen tarjouspyynn\u00f6n l\u00e4hett\u00e4mist\u00e4. <\/div>\t\t\t\t<\/div>\n\t\t<div class=\"elementor-element elementor-element-fc1e6e6 e-con-full e-grid e-con e-child\" data-id=\"fc1e6e6\" data-element_type=\"container\" data-settings=\"{&quot;background_background&quot;:&quot;classic&quot;,&quot;_ha_eqh_enable&quot;:false}\">\n\t\t\t\t<div class=\"elementor-element elementor-element-335bfc8 elementor-view-default elementor-widget elementor-widget-icon\" data-id=\"335bfc8\" data-element_type=\"widget\" data-widget_type=\"icon.default\">\n\t\t\t\t\t\t\t<div class=\"elementor-icon-wrapper\">\n\t\t\t<div class=\"elementor-icon\">\n\t\t\t<svg xmlns=\"http:\/\/www.w3.org\/2000\/svg\" width=\"80\" height=\"80\" viewBox=\"0 0 80 80\" fill=\"none\"><path d=\"M71.1236 40C71.1236 22.5689 56.9929 8.43823 39.5618 8.43823C22.1307 8.43823 8 22.5689 8 40C8 57.4312 22.1307 71.5619 39.5618 71.5619\" stroke=\"#C7E4FF\" stroke-width=\"4\" stroke-linecap=\"round\"><\/path><path d=\"M40.9805 22.4657V40.4384H23.0078\" stroke=\"#C7E4FF\" stroke-width=\"4\" stroke-linecap=\"round\"><\/path><path d=\"M50.082 52.7124H72\" stroke=\"#007CF1\" stroke-width=\"4\" stroke-linecap=\"round\"><\/path><path d=\"M50.082 66.74H72\" stroke=\"#007CF1\" stroke-width=\"4\" stroke-linecap=\"round\"><\/path><\/svg>\t\t\t<\/div>\n\t\t<\/div>\n\t\t\t\t\t\t<\/div>\n\t\t<div class=\"elementor-element elementor-element-6caf245 e-con-full e-flex e-con e-child\" data-id=\"6caf245\" data-element_type=\"container\" data-settings=\"{&quot;_ha_eqh_enable&quot;:false}\">\n\t\t\t\t<div class=\"elementor-element elementor-element-f400dab elementor-widget elementor-widget-heading\" data-id=\"f400dab\" data-element_type=\"widget\" data-widget_type=\"heading.default\">\n\t\t\t\t\t<div class=\"elementor-heading-title elementor-size-default\">M\u00e4\u00e4r\u00e4 ja toimitusaika<\/div>\t\t\t\t<\/div>\n\t\t\t\t<div class=\"elementor-element elementor-element-158aa51 elementor-widget elementor-widget-text-editor\" data-id=\"158aa51\" data-element_type=\"widget\" data-widget_type=\"text-editor.default\">\n\t\t\t\t\t\t\t\t\t<ul>\n<li>M\u00e4\u00e4r\u00e4: Tarvittava piirilevyjen m\u00e4\u00e4r\u00e4<\/li>\n<li>Toimitusaika: Toimitusaikataulu tilauksellesi (lyhyet toimitusajat lis\u00e4\u00e4v\u00e4t kustannuksia)<\/li>\n<\/ul>\n\t\t\t\t\t\t\t\t<\/div>\n\t\t\t\t<\/div>\n\t\t\t\t<\/div>\n\t\t<div class=\"elementor-element elementor-element-33416f6 e-con-full e-grid e-con e-child\" data-id=\"33416f6\" data-element_type=\"container\" data-settings=\"{&quot;background_background&quot;:&quot;classic&quot;,&quot;_ha_eqh_enable&quot;:false}\">\n\t\t\t\t<div class=\"elementor-element elementor-element-d2da071 elementor-view-default elementor-widget elementor-widget-icon\" data-id=\"d2da071\" data-element_type=\"widget\" data-widget_type=\"icon.default\">\n\t\t\t\t\t\t\t<div class=\"elementor-icon-wrapper\">\n\t\t\t<div class=\"elementor-icon\">\n\t\t\t<svg xmlns=\"http:\/\/www.w3.org\/2000\/svg\" width=\"80\" height=\"80\" viewBox=\"0 0 80 80\" fill=\"none\"><mask id=\"path-1-inside-1_766_2800\" fill=\"white\"><rect x=\"9\" y=\"11\" width=\"24.3573\" height=\"24.3573\" rx=\"2.06662\"><\/rect><\/mask><rect x=\"9\" y=\"11\" width=\"24.3573\" height=\"24.3573\" rx=\"2.06662\" stroke=\"#C7E4FF\" stroke-width=\"6.19986\" mask=\"url(#path-1-inside-1_766_2800)\"><\/rect><mask id=\"path-2-inside-2_766_2800\" fill=\"white\"><rect x=\"9\" y=\"44.2144\" width=\"24.3573\" height=\"24.3573\" rx=\"2.06662\"><\/rect><\/mask><rect x=\"9\" y=\"44.2144\" width=\"24.3573\" height=\"24.3573\" rx=\"2.06662\" stroke=\"#C7E4FF\" stroke-width=\"6.19986\" mask=\"url(#path-2-inside-2_766_2800)\"><\/rect><path d=\"M17.2969 23.284L19.6971 25.6842L24.4974 21.2267\" stroke=\"#C7E4FF\" stroke-width=\"2.56012\" stroke-linecap=\"round\"><\/path><path d=\"M17.2969 56.4563L19.6971 58.8565L24.4974 54.399\" stroke=\"#C7E4FF\" stroke-width=\"2.56012\" stroke-linecap=\"round\"><\/path><path d=\"M43.3203 17.6428H70.9991\" stroke=\"#007CF1\" stroke-width=\"4.13324\" stroke-linecap=\"round\"><\/path><path d=\"M43.3203 50.8574H70.9991\" stroke=\"#007CF1\" stroke-width=\"4.13324\" stroke-linecap=\"round\"><\/path><path d=\"M43.3203 28.7144H70.9991\" stroke=\"#007CF1\" stroke-width=\"4.13324\" stroke-linecap=\"round\"><\/path><path d=\"M43.3203 61.929H70.9991\" stroke=\"#007CF1\" stroke-width=\"4.13324\" stroke-linecap=\"round\"><\/path><\/svg>\t\t\t<\/div>\n\t\t<\/div>\n\t\t\t\t\t\t<\/div>\n\t\t<div class=\"elementor-element elementor-element-2b1ca59 e-con-full e-flex e-con e-child\" data-id=\"2b1ca59\" data-element_type=\"container\" data-settings=\"{&quot;_ha_eqh_enable&quot;:false}\">\n\t\t\t\t<div class=\"elementor-element elementor-element-d8a75a4 elementor-widget elementor-widget-heading\" data-id=\"d8a75a4\" data-element_type=\"widget\" data-widget_type=\"heading.default\">\n\t\t\t\t\t<div class=\"elementor-heading-title elementor-size-default\">Piirilevyn spesifikaatiot<\/div>\t\t\t\t<\/div>\n\t\t\t\t<div class=\"elementor-element elementor-element-555f1b4 elementor-widget elementor-widget-text-editor\" data-id=\"555f1b4\" data-element_type=\"widget\" data-widget_type=\"text-editor.default\">\n\t\t\t\t\t\t\t\t\t<ul>\n<li>Perusmateriaali: Piirilevyn materiaalityyppi (FR4, korkean l\u00e4mp\u00f6tilan FR4, Rogers, Teflon jne.). FR4 on vakio. <\/li>\n<li>Kuparin paino: 0,5 oz, 1 oz, 2 oz jne. 1 oz on vakio.<\/li>\n<li>Piirilevyn paksuus ja toleranssi: 0,062 tuumaa, 0,032 tuumaa, 0,093 tuumaa. 0,062 tuumaa on vakio. <\/li>\n<li>Juotosmaski ja komponenttikerroksen v\u00e4ri: Vihre\u00e4 juotosmaski on vakio, valkoinen silkkiteksti on vakio.<\/li>\n<li>Pintak\u00e4sittely: SMOBC, HAL, upotuskulta jne. SMOBC ja HAL ovat vakioita. <\/li>\n<li>Toimitustapa: Haluatko piirilevysi paneelimuodossa vai yksitt\u00e4in leikattuina?<\/li>\n<\/ul>\n\t\t\t\t\t\t\t\t<\/div>\n\t\t\t\t<\/div>\n\t\t\t\t<\/div>\n\t\t<div class=\"elementor-element elementor-element-341e939 e-con-full e-grid e-con e-child\" data-id=\"341e939\" data-element_type=\"container\" data-settings=\"{&quot;background_background&quot;:&quot;classic&quot;,&quot;_ha_eqh_enable&quot;:false}\">\n\t\t\t\t<div class=\"elementor-element elementor-element-91cc081 elementor-view-default elementor-widget elementor-widget-icon\" data-id=\"91cc081\" data-element_type=\"widget\" data-widget_type=\"icon.default\">\n\t\t\t\t\t\t\t<div class=\"elementor-icon-wrapper\">\n\t\t\t<div class=\"elementor-icon\">\n\t\t\t<svg xmlns=\"http:\/\/www.w3.org\/2000\/svg\" width=\"80\" height=\"80\" viewBox=\"0 0 80 80\" fill=\"none\"><rect x=\"10\" y=\"10\" width=\"60\" height=\"60\" rx=\"30\" stroke=\"#C7E4FF\" stroke-width=\"4\"><\/rect><path d=\"M26 55H54H26Z\" fill=\"#007CF1\"><\/path><path d=\"M26 55H54\" stroke=\"#007CF1\" stroke-width=\"3\" stroke-linecap=\"round\" stroke-linejoin=\"round\"><\/path><path d=\"M29.1641 41.2666V47.3333H35.2617L52.4974 30.0901L46.41 24L29.1641 41.2666Z\" fill=\"#007CF1\" stroke=\"#007CF1\" stroke-width=\"1.66667\" stroke-linejoin=\"round\"><\/path><\/svg>\t\t\t<\/div>\n\t\t<\/div>\n\t\t\t\t\t\t<\/div>\n\t\t<div class=\"elementor-element elementor-element-eeb17a9 e-con-full e-flex e-con e-child\" data-id=\"eeb17a9\" data-element_type=\"container\" data-settings=\"{&quot;_ha_eqh_enable&quot;:false}\">\n\t\t\t\t<div class=\"elementor-element elementor-element-5603c25 elementor-widget elementor-widget-heading\" data-id=\"5603c25\" data-element_type=\"widget\" data-widget_type=\"heading.default\">\n\t\t\t\t\t<div class=\"elementor-heading-title elementor-size-default\">Piirilevyn valmistus- ja kokoamisvaatimukset<\/div>\t\t\t\t<\/div>\n\t\t\t\t<div class=\"elementor-element elementor-element-82f7427 elementor-widget elementor-widget-text-editor\" data-id=\"82f7427\" data-element_type=\"widget\" data-widget_type=\"text-editor.default\">\n\t\t\t\t\t\t\t\t\t<ul>\n<li>Piirilevyn valmistus: Gerber-tiedostot RS-274-X -muodossa, poraustiedostot, IPC-356A (valinnainen)<\/li>\n<li>Piirilevyn kokoaminen: Gerber-tiedostot RS-274-X -muodossa, poraustiedostot, X-Y -data, materiaaliluettelo (BOM) Excel-muodossa, 3D-kuva tai PDF sek\u00e4 kokoonpanopiirros.<\/li>\n<\/ul>\n\t\t\t\t\t\t\t\t<\/div>\n\t\t\t\t<\/div>\n\t\t\t\t<\/div>\n\t\t\t\t<\/div>\n\t\t\t\t<\/div>\n\t\t<div class=\"elementor-element elementor-element-dda935e e-con-full e-flex e-con e-child\" data-id=\"dda935e\" data-element_type=\"container\" data-settings=\"{&quot;background_background&quot;:&quot;classic&quot;,&quot;_ha_eqh_enable&quot;:false}\">\n\t\t<div class=\"elementor-element elementor-element-b430cfd e-con-full e-flex e-con e-child\" data-id=\"b430cfd\" data-element_type=\"container\" data-settings=\"{&quot;background_background&quot;:&quot;classic&quot;,&quot;_ha_eqh_enable&quot;:false}\">\n\t\t\t\t<div class=\"elementor-element elementor-element-efa0c39 elementor-widget elementor-widget-heading\" data-id=\"efa0c39\" data-element_type=\"widget\" data-widget_type=\"heading.default\">\n\t\t\t\t\t<h2 class=\"elementor-heading-title elementor-size-default\">PIKATARJOUSPYYNT\u00d6<\/h2>\t\t\t\t<\/div>\n\t\t\t\t<div class=\"elementor-element elementor-element-d0037f8 ha-form-btn--center elementor-widget elementor-widget-ha-wpform happy-addon ha-wpform\" data-id=\"d0037f8\" data-element_type=\"widget\" data-widget_type=\"ha-wpform.default\">\n\t\t\t\t\t<div class=\"wpforms-container wpforms-render-modern\" id=\"wpforms-589\"><form id=\"wpforms-form-589\" class=\"wpforms-validate wpforms-form wpforms-ajax-form\" data-formid=\"589\" method=\"post\" enctype=\"multipart\/form-data\" action=\"\/fi\/wp-json\/wp\/v2\/pages\/7052?wpforms_form_id=589\" data-token=\"ae3d0725e288908b1a3560158709b10f\" data-token-time=\"1777053089\"><noscript class=\"wpforms-error-noscript\">Please enable JavaScript in your browser to complete this form.<\/noscript><div class=\"wpforms-hidden\" id=\"wpforms-error-noscript\">Please enable JavaScript in your browser to complete this form.<\/div><div class=\"wpforms-field-container\"><div id=\"wpforms-589-field_2-container\" class=\"wpforms-field wpforms-field-name\" data-field-id=\"2\"><fieldset><legend class=\"wpforms-field-label\">Nimi <span class=\"wpforms-required-label\" aria-hidden=\"true\">*<\/span><\/legend><div class=\"wpforms-field-row wpforms-field-large\"><div class=\"wpforms-field-row-block wpforms-first wpforms-one-half\"><input type=\"text\" id=\"wpforms-589-field_2\" class=\"wpforms-field-name-first wpforms-field-required\" name=\"wpforms[fields][2][first]\" placeholder=\"Etunimi\" aria-errormessage=\"wpforms-589-field_2-error\" required><label for=\"wpforms-589-field_2\" class=\"wpforms-field-sublabel after wpforms-sublabel-hide\">Etunimi<\/label><\/div><div class=\"wpforms-field-row-block wpforms-one-half\"><input type=\"text\" id=\"wpforms-589-field_2-last\" class=\"wpforms-field-name-last wpforms-field-required\" name=\"wpforms[fields][2][last]\" placeholder=\"Sukunimi\" aria-errormessage=\"wpforms-589-field_2-last-error\" required><label for=\"wpforms-589-field_2-last\" class=\"wpforms-field-sublabel after wpforms-sublabel-hide\">Sukunimi<\/label><\/div><\/div><\/fieldset><\/div><div id=\"wpforms-589-field_3-container\" class=\"wpforms-field wpforms-field-layout\" data-field-id=\"3\"><div class=\"wpforms-field-layout-rows wpforms-field-large\"><div class=\"wpforms-layout-row\"><div class=\"wpforms-layout-column wpforms-layout-column-50\"><div id=\"wpforms-589-field_4-container\" class=\"wpforms-field wpforms-field-email\" data-field-id=\"4\"><label class=\"wpforms-field-label\" for=\"wpforms-589-field_4\">S\u00e4hk\u00f6posti <span class=\"wpforms-required-label\" aria-hidden=\"true\">*<\/span><\/label><input type=\"email\" id=\"wpforms-589-field_4\" class=\"wpforms-field-medium wpforms-field-required\" name=\"wpforms[fields][4]\" placeholder=\"S\u00e4hk\u00f6posti\" spellcheck=\"false\" aria-errormessage=\"wpforms-589-field_4-error\" required><\/div><\/div><div class=\"wpforms-layout-column wpforms-layout-column-50\"><div id=\"wpforms-589-field_5-container\" class=\"wpforms-field wpforms-field-phone\" data-field-id=\"5\"><label class=\"wpforms-field-label\" for=\"wpforms-589-field_5\">Puhelin <span class=\"wpforms-required-label\" aria-hidden=\"true\">*<\/span><\/label><input type=\"tel\" id=\"wpforms-589-field_5\" class=\"wpforms-field-medium wpforms-field-required\" data-rule-int-phone-field=\"true\" name=\"wpforms[fields][5]\" placeholder=\"Puhelin\" aria-label=\"Puhelin\" aria-errormessage=\"wpforms-589-field_5-error\" required><\/div><\/div><\/div><\/div><\/div><div id=\"wpforms-589-field_6-container\" class=\"wpforms-field wpforms-field-text\" data-field-id=\"6\"><label class=\"wpforms-field-label\" for=\"wpforms-589-field_6\">Yritys <span class=\"wpforms-required-label\" aria-hidden=\"true\">*<\/span><\/label><input type=\"text\" id=\"wpforms-589-field_6\" class=\"wpforms-field-large wpforms-field-required\" name=\"wpforms[fields][6]\" placeholder=\"Yritys\" aria-errormessage=\"wpforms-589-field_6-error\" required><\/div><div id=\"wpforms-589-field_7-container\" class=\"wpforms-field wpforms-field-textarea\" data-field-id=\"7\"><label class=\"wpforms-field-label\" for=\"wpforms-589-field_7\">Lis\u00e4kommentit: (Valinnainen)<\/label><textarea id=\"wpforms-589-field_7\" class=\"wpforms-field-medium\" name=\"wpforms[fields][7]\" aria-errormessage=\"wpforms-589-field_7-error\" aria-describedby=\"wpforms-589-field_7-description\" ><\/textarea><div id=\"wpforms-589-field_7-description\" class=\"wpforms-field-description\"><div><b>Jos saatavilla, l\u00e4het\u00e4 seuraavat tiedostot:<\/b><br>\u2022 Gerber-tiedostot\u2028<br>\u2022 Piirroskaavio (Orcad Capture, Power Logic tai PDF)\u2028<br>\u2022 Verkkolista (PowerPCB-muodossa)\u2028<br>\u2022 Kokoonpanopiirrokset (AutoCad tai PDF)\u2028<br>\u2022 Materiaaliluettelo (BOM) ja komponenttien jalan tiedostot\u2028<br>\u2022 Valmistuspiirros\u2028<br>\u2022 Kaikki muut asiaan liittyv\u00e4t tiedot<\/div><\/div><div id=\"wpforms-589-field_8-container\" class=\"wpforms-field wpforms-field-file-upload\" data-field-id=\"8\"><label class=\"wpforms-field-label\" for=\"wpforms-589-field_8\">USEAMMAT TIEDOSTOT TULEE OLLA PAKATTUNA.<\/label><div\n\t\tclass=\"wpforms-uploader\"\n\t\tdata-field-id=\"8\"\n\t\tdata-form-id=\"589\"\n\t\tdata-input-name=\"wpforms_589_8\"\n\t\tdata-extensions=\"rar,zip,tgz,7z,tar,pdf,dxf,dwg,xlsx,xls,doc,docx,txt,xps,csv,rtf,jpg\"\n\t\tdata-max-size=\"104857600\"\n\t\tdata-max-file-number=\"20\"\n\t\tdata-post-max-size=\"134217728\"\n\t\tdata-max-parallel-uploads=\"4\"\n\t\tdata-parallel-uploads=\"true\"\n\t\tdata-file-chunk-size=\"2097152\">\n\t<div class=\"dz-message\">\n\t\t<svg viewBox=\"0 0 1024 1024\" focusable=\"false\" data-icon=\"inbox\" width=\"50px\" height=\"50px\" fill=\"currentColor\" aria-hidden=\"true\">\n\t\t\t<path d=\"M885.2 446.3l-.2-.8-112.2-285.1c-5-16.1-19.9-27.2-36.8-27.2H281.2c-17 0-32.1 11.3-36.9 27.6L139.4 443l-.3.7-.2.8c-1.3 4.9-1.7 9.9-1 14.8-.1 1.6-.2 3.2-.2 4.8V830a60.9 60.9 0 0 0 60.8 60.8h627.2c33.5 0 60.8-27.3 60.9-60.8V464.1c0-1.3 0-2.6-.1-3.7.4-4.9 0-9.6-1.3-14.1zm-295.8-43l-.3 15.7c-.8 44.9-31.8 75.1-77.1 75.1-22.1 0-41.1-7.1-54.8-20.6S436 441.2 435.6 419l-.3-15.7H229.5L309 210h399.2l81.7 193.3H589.4zm-375 76.8h157.3c24.3 57.1 76 90.8 140.4 90.8 33.7 0 65-9.4 90.3-27.2 22.2-15.6 39.5-37.4 50.7-63.6h156.5V814H214.4V480.1z\"><\/path>\n\t\t<\/svg>\n\t\t<span class=\"modern-title\">Napsauta tai raahaa tiedostoja t\u00e4h\u00e4n alueella ladataksesi ne.<\/span>\n\n\t\t\t\t\t<span class=\"modern-hint\">You can upload up to 20 files.<\/span>\n\t\t\t<\/div>\n<\/div>\n<input\n\t\ttype=\"text\"\n\t\tautocomplete=\"off\"\n\t\treadonly\n\t\tclass=\"dropzone-input\"\n\t\tstyle=\"position:absolute!important;clip:rect(0,0,0,0)!important;height:1px!important;width:1px!important;border:0!important;overflow:hidden!important;padding:0!important;margin:0!important;\"\n\t\tid=\"wpforms-589-field_8\"\n\t\tname=\"wpforms_589_8\" \t\tvalue=\"\">\n<div id=\"wpforms-589-field_8-description\" class=\"wpforms-field-description\"><div>\n<b>Hyv\u00e4ksytyt tiedostotyypit:<\/b> rar, zip, tgz, 7z, tar, pdf, dxf, dwg, xlsx, xls, doc, docx, txt, xps, csv, rtf, jpg.Maks. tiedostokoko: 100 MB, Maks. tiedostom\u00e4\u00e4r\u00e4: 20.<br\/>\n<\/div><\/div><\/div><\/div><!-- .wpforms-field-container --><div class=\"wpforms-submit-container\" ><input type=\"hidden\" name=\"wpforms[id]\" value=\"589\"><input type=\"hidden\" name=\"page_title\" value=\"\"><input type=\"hidden\" name=\"page_url\" value=\"https:\/\/hdicircuitboard.com\/fi\/wp-json\/wp\/v2\/pages\/7052\"><button type=\"submit\" name=\"wpforms[submit]\" id=\"wpforms-submit-589\" class=\"wpforms-submit\" data-alt-text=\"L\u00e4hetet\u00e4\u00e4n...\" data-submit-text=\"L\u00e4het\u00e4\" aria-live=\"assertive\" value=\"wpforms-submit\">L\u00e4het\u00e4<\/button><img decoding=\"async\" src=\"https:\/\/hdicircuitboard.com\/wp-content\/plugins\/wpforms\/assets\/images\/submit-spin.svg\" class=\"wpforms-submit-spinner\" style=\"display: none;\" width=\"26\" height=\"26\" alt=\"Loading\"><\/div><\/form><\/div>  <!-- .wpforms-container -->\t\t\t\t<\/div>\n\t\t\t\t<\/div>\n\t\t\t\t<\/div>\n\t\t\t\t\t<\/div>\n\t\t\t\t<\/div>\n\t\t<div class=\"elementor-element elementor-element-217728b e-flex e-con-boxed e-con e-parent\" data-id=\"217728b\" data-element_type=\"container\" data-settings=\"{&quot;background_background&quot;:&quot;classic&quot;,&quot;_ha_eqh_enable&quot;:false}\">\n\t\t\t\t\t<div class=\"e-con-inner\">\n\t\t<div class=\"elementor-element elementor-element-d45de1d e-con-full e-flex e-con e-child\" data-id=\"d45de1d\" data-element_type=\"container\" data-settings=\"{&quot;_ha_eqh_enable&quot;:false}\">\n\t\t\t\t<div class=\"elementor-element elementor-element-4f976a7 elementor-widget elementor-widget-heading\" data-id=\"4f976a7\" data-element_type=\"widget\" data-widget_type=\"heading.default\">\n\t\t\t\t\t<h2 class=\"elementor-heading-title elementor-size-default\">Ota yhteytt\u00e4 piirilevyjen valmistukseen ja kokoonpanoon <\/h2>\t\t\t\t<\/div>\n\t\t\t\t<div class=\"elementor-element elementor-element-b542345 elementor-widget elementor-widget-text-editor\" data-id=\"b542345\" data-element_type=\"widget\" data-widget_type=\"text-editor.default\">\n\t\t\t\t\t\t\t\t\t<p>Olemme t\u00e4\u00e4ll\u00e4 palvelemassasi ja odotamme innolla mahdollisuutta tehd\u00e4 yhteisty\u00f6t\u00e4 kanssasi.<\/p>\n\t\t\t\t\t\t\t\t<\/div>\n\t\t\t\t<\/div>\n\t\t\t\t<div class=\"elementor-element elementor-element-b605de1 elementor-align-center elementor-widget elementor-widget-button\" data-id=\"b605de1\" data-element_type=\"widget\" data-widget_type=\"button.default\">\n\t\t\t\t\t\t\t\t\t\t<a class=\"elementor-button elementor-button-link elementor-size-sm\" href=\"https:\/\/hdicircuitboard.com\/fi\/saada-tarjous\/\">\n\t\t\t\t\t\t<span class=\"elementor-button-content-wrapper\">\n\t\t\t\t\t\t<span class=\"elementor-button-icon\">\n\t\t\t\t<svg xmlns=\"http:\/\/www.w3.org\/2000\/svg\" width=\"25\" height=\"25\" viewBox=\"0 0 25 25\" fill=\"none\"><path d=\"M21.5 12.5H3.5\" stroke=\"white\" stroke-width=\"2\" stroke-linecap=\"round\" stroke-linejoin=\"round\"><\/path><path d=\"M15.5 6.5L21.5 12.5L15.5 18.5\" stroke=\"white\" stroke-width=\"2\" stroke-linecap=\"round\" stroke-linejoin=\"round\"><\/path><\/svg>\t\t\t<\/span>\n\t\t\t\t\t\t\t\t\t<span class=\"elementor-button-text\">SAADA TARJOUS<\/span>\n\t\t\t\t\t<\/span>\n\t\t\t\t\t<\/a>\n\t\t\t\t\t\t\t\t<\/div>\n\t\t\t\t\t<\/div>\n\t\t\t\t<\/div>\n\t\t\t\t<\/div>\n\t\t","protected":false},"excerpt":{"rendered":"<p>SAADA TARJOUS K\u00e4yt\u00e4 alla olevaa lomaketta l\u00e4hett\u00e4\u00e4ksesi pyynt\u00f6si Alla olevat tiedot on annettava ennen tarjouspyynn\u00f6n l\u00e4hett\u00e4mist\u00e4. M\u00e4\u00e4r\u00e4 ja toimitusaika M\u00e4\u00e4r\u00e4: Tarvittava piirilevyjen m\u00e4\u00e4r\u00e4 Toimitusaika: Toimitusaikataulu tilauksellesi (lyhyet toimitusajat lis\u00e4\u00e4v\u00e4t kustannuksia) Piirilevyn spesifikaatiot Perusmateriaali: Piirilevyn materiaalityyppi (FR4, korkean l\u00e4mp\u00f6tilan FR4, Rogers, Teflon jne.). FR4 on vakio. Kuparin paino: 0,5 oz, 1 oz, 2 oz jne. 1 [&hellip;]<\/p>\n","protected":false},"author":1,"featured_media":0,"parent":0,"menu_order":0,"comment_status":"closed","ping_status":"closed","template":"","meta":{"footnotes":""},"class_list":["post-7052","page","type-page","status-publish","hentry"],"blocksy_meta":{"has_hero_section":"disabled","vertical_spacing_source":"custom","content_area_spacing":"none","styles_descriptor":{"styles":{"desktop":"","tablet":"","mobile":""},"google_fonts":[],"version":6}},"_links":{"self":[{"href":"https:\/\/hdicircuitboard.com\/fi\/wp-json\/wp\/v2\/pages\/7052","targetHints":{"allow":["GET"]}}],"collection":[{"href":"https:\/\/hdicircuitboard.com\/fi\/wp-json\/wp\/v2\/pages"}],"about":[{"href":"https:\/\/hdicircuitboard.com\/fi\/wp-json\/wp\/v2\/types\/page"}],"author":[{"embeddable":true,"href":"https:\/\/hdicircuitboard.com\/fi\/wp-json\/wp\/v2\/users\/1"}],"replies":[{"embeddable":true,"href":"https:\/\/hdicircuitboard.com\/fi\/wp-json\/wp\/v2\/comments?post=7052"}],"version-history":[{"count":2,"href":"https:\/\/hdicircuitboard.com\/fi\/wp-json\/wp\/v2\/pages\/7052\/revisions"}],"predecessor-version":[{"id":7220,"href":"https:\/\/hdicircuitboard.com\/fi\/wp-json\/wp\/v2\/pages\/7052\/revisions\/7220"}],"wp:attachment":[{"href":"https:\/\/hdicircuitboard.com\/fi\/wp-json\/wp\/v2\/media?parent=7052"}],"curies":[{"name":"wp","href":"https:\/\/api.w.org\/{rel}","templated":true}]}}