{"id":7300,"date":"2025-01-14T02:14:02","date_gmt":"2025-01-13T18:14:02","guid":{"rendered":"https:\/\/hdicircuitboard.com\/kayttoehdot\/"},"modified":"2025-12-08T20:46:56","modified_gmt":"2025-12-08T12:46:56","slug":"kayttoehdot","status":"publish","type":"page","link":"https:\/\/hdicircuitboard.com\/fi\/kayttoehdot\/","title":{"rendered":"K\u00e4ytt\u00f6ehdot"},"content":{"rendered":"\n<h2 class=\"wp-block-heading\">Laskutus ja maksu<\/h2>\n\n<ul class=\"wp-block-list\">\n<li>Kaikkien laskujen maksut suoritetaan tarjouksissa ja laskuissa mainittujen ehtojen mukaisesti. Asiakas ei saa pid\u00e4tt\u00e4\u00e4 maksua jo l\u00e4hetetyist\u00e4 laskuista mill\u00e4\u00e4n perusteella, kuten ty\u00f6n laadun puutteellisuudesta, keskener\u00e4isist\u00e4 korjauksista, toimimattomista piirilevyist\u00e4 tai muista syist\u00e4. <\/li>\n\n\n\n<li>Kaikki toimitukset tehd\u00e4\u00e4n DDU-ehtojen mukaisesti (Delivery Duty Unpaid).<\/li>\n\n\n\n<li>Laskut on maksettava kokonaisuudessaan. V\u00e4hennyksi\u00e4 ei sallita, paitsi Benchuang Electronicsin my\u00f6nt\u00e4m\u00e4ll\u00e4 hyvityslaskulla. <\/li>\n<\/ul>\n\n<h2 class=\"wp-block-heading\">Hintatarjous<\/h2>\n\n<ul class=\"wp-block-list\">\n<li>Tarjotut hinnat ovat voimassa 30 p\u00e4iv\u00e4\u00e4.<\/li>\n\n\n\n<li>T\u00e4m\u00e4 tarjous voidaan muuttaa, jos tarjouksen perustana k\u00e4ytetty tieto osoittautuu ep\u00e4tarkaksi tai puutteelliseksi.<\/li>\n\n\n\n<li>Toimitusp\u00e4iv\u00e4t voivat muuttua erikoismateriaalien saatavuuden mukaan toimittajilta.<\/li>\n<\/ul>\n\n<h2 class=\"wp-block-heading\">Vastuualue<\/h2>\n\n<p>Vastuu rajoittuu enint\u00e4\u00e4n tilausarvoon. Eri\u00e4v\u00e4isyyksien vuoksi keskeytetyt tilaukset voidaan uudelleenajoittaa. Peruutuksesta veloitetaan peruutusmaksu, jonka suuruus riippuu tilauksen tilasta peruutushetkell\u00e4.<br\/><br\/>Suunnitelmat ovat tuotantoaikataulun alaisia tilaushetkell\u00e4 ja ne tarkistetaan valmistettavuuden osalta. Kaikki suunnitelmat k\u00e4yd\u00e4\u00e4n l\u00e4pi valmistettavuustarkastuksessa. Teknologiaan ja tuotantoaikatauluun liittyv\u00e4t rajoitukset ovat my\u00f6s voimassa.      <\/p>\n\n<h2 class=\"wp-block-heading\">Hyv\u00e4ksytyt tiedostomuodot<\/h2>\n\n<ul class=\"wp-block-list\">\n<li>Gerber RS274X<\/li>\n\n\n\n<li>HPGL1 &amp; 2<\/li>\n\n\n\n<li>DXF<\/li>\n\n\n\n<li>DWG<\/li>\n\n\n\n<li>Excellon<\/li>\n\n\n\n<li>ODB++<\/li>\n<\/ul>\n\n<h2 class=\"wp-block-heading\">Lis\u00e4muotovaatimukset:<\/h2>\n\n<p>V\u00e4lt\u00e4 kaikenlaisia ristikkokuvioita (avoimia tai suljettuja).<\/p>\n\n<p>AutoCAD-data \u2013 suositaan polygoneja.<\/p>\n\n<p>Polygonien on oltava suljettuja.<\/p>\n\n<p>Kaikkien apertuurien on oltava v\u00e4hint\u00e4\u00e4n 0,5 mil.<\/p>\n\n<h2 class=\"wp-block-heading\">Vihre\u00e4 kierr\u00e4tysk\u00e4yt\u00e4nt\u00f6:<\/h2>\n\n<p>Elektroniikassa piirilevyj\u00e4, joita kutsutaan my\u00f6s vihreiksi levyiksi, k\u00e4ytet\u00e4\u00e4n elektronisten komponenttien mekaaniseen tukemiseen ja s\u00e4hk\u00f6iseen liitt\u00e4miseen. Niiss\u00e4 k\u00e4ytet\u00e4\u00e4n kuparikalvoista etsattuja johtavia j\u00e4lki\u00e4, jotka on laminointi kiinnitetty ei-johtavalle alustalle. Vaihtoehtoisia nimi\u00e4 ovat painettu johdotuslevy (PWB) ja etsattu johdotuslevy.<br\/><br\/>Komponenteilla varustettua piirilevy\u00e4 kutsutaan painetuksi piirilevykokoonpanoksi (PCA) tai painetuksi piirilevyn kokoonpanoksi (PCBA). T\u00e4t\u00e4 tekniikkaa pidet\u00e4\u00e4n edullisena.<br\/><br\/>Benchuang Electronics kierr\u00e4tt\u00e4\u00e4 kaikenlaisia h\u00e4vitt\u00e4mi\u00e4\u00e4n piirilevyj\u00e4, sek\u00e4 komponenteilla varustettuja ett\u00e4 tyhji\u00e4 levyj\u00e4. N\u00e4iden levyjen kierr\u00e4tysprosessissa k\u00e4ytetyt arvometallit voidaan talteen jopa 99 %:sti.    <\/p>\n","protected":false},"excerpt":{"rendered":"<p>Laskutus ja maksu Hintatarjous Vastuualue Vastuu rajoittuu enint\u00e4\u00e4n tilausarvoon. Eri\u00e4v\u00e4isyyksien vuoksi keskeytetyt tilaukset voidaan uudelleenajoittaa. Peruutuksesta veloitetaan peruutusmaksu, jonka suuruus riippuu tilauksen tilasta peruutushetkell\u00e4. Suunnitelmat ovat tuotantoaikataulun alaisia tilaushetkell\u00e4 ja ne tarkistetaan valmistettavuuden osalta. Kaikki suunnitelmat k\u00e4yd\u00e4\u00e4n l\u00e4pi valmistettavuustarkastuksessa. Teknologiaan ja tuotantoaikatauluun liittyv\u00e4t rajoitukset ovat my\u00f6s voimassa. Hyv\u00e4ksytyt tiedostomuodot Lis\u00e4muotovaatimukset: V\u00e4lt\u00e4 kaikenlaisia ristikkokuvioita (avoimia tai [&hellip;]<\/p>\n","protected":false},"author":1,"featured_media":0,"parent":0,"menu_order":0,"comment_status":"closed","ping_status":"closed","template":"","meta":{"footnotes":""},"class_list":["post-7300","page","type-page","status-publish","hentry"],"blocksy_meta":{"has_hero_section":"enabled","pageTitleFont":{"family":"Default","variation":"Default","size":"56px","line-height":"CT_CSS_SKIP_RULE","letter-spacing":"CT_CSS_SKIP_RULE","text-transform":"CT_CSS_SKIP_RULE","text-decoration":"CT_CSS_SKIP_RULE"},"styles_descriptor":{"styles":{"desktop":"[data-prefix=\"single_page\"] .entry-header .page-title {--theme-font-size:56px;} [data-prefix=\"single_page\"] .entry-header .entry-meta {--theme-font-weight:600;--theme-text-transform:uppercase;--theme-font-size:12px;--theme-line-height:1.3;}","tablet":"","mobile":""},"google_fonts":{"Open Sans":["n4","n6"]},"version":6}},"_links":{"self":[{"href":"https:\/\/hdicircuitboard.com\/fi\/wp-json\/wp\/v2\/pages\/7300","targetHints":{"allow":["GET"]}}],"collection":[{"href":"https:\/\/hdicircuitboard.com\/fi\/wp-json\/wp\/v2\/pages"}],"about":[{"href":"https:\/\/hdicircuitboard.com\/fi\/wp-json\/wp\/v2\/types\/page"}],"author":[{"embeddable":true,"href":"https:\/\/hdicircuitboard.com\/fi\/wp-json\/wp\/v2\/users\/1"}],"replies":[{"embeddable":true,"href":"https:\/\/hdicircuitboard.com\/fi\/wp-json\/wp\/v2\/comments?post=7300"}],"version-history":[{"count":1,"href":"https:\/\/hdicircuitboard.com\/fi\/wp-json\/wp\/v2\/pages\/7300\/revisions"}],"predecessor-version":[{"id":7301,"href":"https:\/\/hdicircuitboard.com\/fi\/wp-json\/wp\/v2\/pages\/7300\/revisions\/7301"}],"wp:attachment":[{"href":"https:\/\/hdicircuitboard.com\/fi\/wp-json\/wp\/v2\/media?parent=7300"}],"curies":[{"name":"wp","href":"https:\/\/api.w.org\/{rel}","templated":true}]}}