{"id":7302,"date":"2024-12-13T10:32:32","date_gmt":"2024-12-13T02:32:32","guid":{"rendered":"https:\/\/hdicircuitboard.com\/tietosuojakaytanto\/"},"modified":"2025-12-08T20:50:45","modified_gmt":"2025-12-08T12:50:45","slug":"tietosuojakaytanto","status":"publish","type":"page","link":"https:\/\/hdicircuitboard.com\/fi\/tietosuojakaytanto\/","title":{"rendered":"Tietosuojak\u00e4yt\u00e4nt\u00f6"},"content":{"rendered":"\n<h2 class=\"wp-block-heading\">Keit\u00e4 olemme<\/h2>\n\n<p>Verkkosivustomme osoite on: https:\/\/hdicircuitboard.com.<\/p>\n\n<h2 class=\"wp-block-heading\">Kommentit<\/h2>\n\n<p>Kun vierailijat j\u00e4tt\u00e4v\u00e4t kommentteja sivustolle, ker\u00e4\u00e4mme lomakkeessa n\u00e4kyv\u00e4t tiedot sek\u00e4 vierailijan IP-osoitteen ja selaimen k\u00e4ytt\u00e4j\u00e4agenttimerkinn\u00e4n roskapostin tunnistamiseksi.<\/p>\n\n<p>S\u00e4hk\u00f6postiosoitteestasi luotu anonymisoitu merkkijono (jota kutsutaan my\u00f6s hashiksi) voidaan toimittaa Gravatar-palvelulle tarkistamaan, k\u00e4yt\u00e4tk\u00f6 sit\u00e4. Gravatar-palvelun tietosuojak\u00e4yt\u00e4nt\u00f6 on saatavilla t\u00e4\u00e4ll\u00e4: https:\/\/automattic.com\/privacy\/. Kommenttisi hyv\u00e4ksymisen j\u00e4lkeen profiilikuvasi on n\u00e4kyviss\u00e4 yleis\u00f6lle kommenttisi yhteydess\u00e4. <\/p>\n\n<h2 class=\"wp-block-heading\">Mediatiedostot<\/h2>\n\n<p>Jos l\u00e4het\u00e4t kuvia verkkosivustolle, sinun tulisi v\u00e4ltt\u00e4\u00e4 kuvien l\u00e4hett\u00e4mist\u00e4 upotetulla sijaintitiedolla (EXIF GPS). Vierailijat voivat ladata ja poimia kaikki sijaintitiedot verkkosivuston kuvista. <\/p>\n\n<h2 class=\"wp-block-heading\">Ev\u00e4steet<\/h2>\n\n<p>Jos j\u00e4t\u00e4t kommentin sivustollemme, voit halutessasi tallentaa nimesi, s\u00e4hk\u00f6postiosoitteesi ja verkkosivuston ev\u00e4steisiin. N\u00e4m\u00e4 ovat mukavuutesi vuoksi, jotta sinun ei tarvitse t\u00e4ytt\u00e4\u00e4 tietojasi uudelleen j\u00e4tt\u00e4ess\u00e4si toista kommenttia. N\u00e4m\u00e4 ev\u00e4steet s\u00e4ilyv\u00e4t vuoden.  <\/p>\n\n<p>Jos vierailet kirjautumissivullamme, asetamme tilap\u00e4isen ev\u00e4steen selvitt\u00e4\u00e4ksemme, hyv\u00e4ksyyk\u00f6 selaimesi ev\u00e4steet. T\u00e4m\u00e4 ev\u00e4ste ei sis\u00e4ll\u00e4 henkil\u00f6tietoja ja se h\u00e4vitet\u00e4\u00e4n, kun suljet selaimen. <\/p>\n\n<p>Kun kirjaudut sis\u00e4\u00e4n, asetamme my\u00f6s useita ev\u00e4steit\u00e4 tallentaaksemme kirjautumistietosi ja n\u00e4ytt\u00f6valintojasi. Kirjautumisev\u00e4steet s\u00e4ilyv\u00e4t kaksi p\u00e4iv\u00e4\u00e4 ja n\u00e4ytt\u00f6valintojen ev\u00e4steet vuoden. Jos valitset &#8221;Muista minut&#8221;, kirjautumisesi s\u00e4ilyy kaksi viikkoa. Jos kirjaudut ulos tilist\u00e4si, kirjautumisev\u00e4steet poistetaan.   <\/p>\n\n<p>Jos muokkaat tai julkaiset artikkelin, selaimellesi tallennetaan ylim\u00e4\u00e4r\u00e4inen ev\u00e4ste. T\u00e4m\u00e4 ev\u00e4ste ei sis\u00e4ll\u00e4 henkil\u00f6tietoja ja osoittaa vain muokkaamasi artikkelin tunnisteen. Se vanhenee 1 p\u00e4iv\u00e4n kuluttua.  <\/p>\n\n<h2 class=\"wp-block-heading\">Upotettu sis\u00e4lt\u00f6 muilta verkkosivustoilta<\/h2>\n\n<p>T\u00e4m\u00e4n sivuston artikkelit voivat sis\u00e4lt\u00e4\u00e4 upotettua sis\u00e4lt\u00f6\u00e4 (esim. videoita, kuvia, artikkeleita jne.). Upotettu sis\u00e4lt\u00f6 muilta verkkosivustoilta k\u00e4ytt\u00e4ytyy t\u00e4sm\u00e4lleen samoin kuin jos vierailija olisi vieraillut kyseisell\u00e4 verkkosivustolla. <\/p>\n\n<p>N\u00e4m\u00e4 verkkosivustot voivat ker\u00e4t\u00e4 tietoja sinusta, k\u00e4ytt\u00e4\u00e4 ev\u00e4steit\u00e4, upottaa kolmannen osan seurantaa ja seurata vuorovaikutustasi upotetun sis\u00e4ll\u00f6n kanssa, mukaan lukien vuorovaikutuksesi seurannan, jos sinulla on tili ja olet kirjautunut kyseiselle verkkosivustolle.<\/p>\n\n<h2 class=\"wp-block-heading\">Kenen kanssa jaamme tietosi<\/h2>\n\n<p>Jos pyyd\u00e4t salasanan nollauslinkki\u00e4, IP-osoitteesi sis\u00e4llytet\u00e4\u00e4n nollausviestiin.<\/p>\n\n<h2 class=\"wp-block-heading\">Kuinka kauan s\u00e4ilyt\u00e4mme tietojasi<\/h2>\n\n<p>Jos j\u00e4t\u00e4t kommentin, kommentti ja sen metatiedot s\u00e4ilyv\u00e4t toistaiseksi. T\u00e4m\u00e4 mahdollistaa seuraavien kommenttien automaattisen tunnistamisen ja hyv\u00e4ksymisen sen sijaan, ett\u00e4 ne j\u00e4isiv\u00e4t moderointijonoon. <\/p>\n\n<p>Rekister\u00f6ityneille k\u00e4ytt\u00e4jille (jos sellaisia on) tallennamme my\u00f6s heid\u00e4n antamansa henkil\u00f6tiedot k\u00e4ytt\u00e4j\u00e4profiiliinsa. Kaikki k\u00e4ytt\u00e4j\u00e4t voivat n\u00e4hd\u00e4, muokata tai poistaa henkil\u00f6tietojaan milloin tahansa (paitsi k\u00e4ytt\u00e4j\u00e4tunnuksen muuttaminen ei ole mahdollista). Verkkosivuston yll\u00e4pit\u00e4j\u00e4t voivat my\u00f6s n\u00e4hd\u00e4 ja muokata n\u00e4it\u00e4 tietoja.  <\/p>\n\n<h2 class=\"wp-block-heading\">Mit\u00e4 oikeuksia sinulla on tietoihisi<\/h2>\n\n<p>Jos sinulla on tili t\u00e4ll\u00e4 sivustolla tai olet j\u00e4tt\u00e4nyt kommentteja, voit pyyt\u00e4\u00e4 vastaanottamaan viedyn tiedoston henkil\u00f6tiedoistamme, mukaan lukien kaikki meille antamasi tiedot. Voit my\u00f6s pyyt\u00e4\u00e4 meit\u00e4 poistamaan kaikki sinua koskevat henkil\u00f6tiedot. T\u00e4m\u00e4 ei sis\u00e4ll\u00e4 tietoja, jotka olemme velvollisia s\u00e4ilytt\u00e4m\u00e4\u00e4n hallinnollisiin, oikeudellisiin tai turvallisuussyihin.  <\/p>\n\n<h2 class=\"wp-block-heading\">Minne tietosi l\u00e4hetet\u00e4\u00e4n<\/h2>\n\n<p>Vierailijoiden kommentit voidaan tarkistaa automaattisen roskapostinsuodatuspalvelun avulla.<\/p>\n","protected":false},"excerpt":{"rendered":"<p>Keit\u00e4 olemme Verkkosivustomme osoite on: https:\/\/hdicircuitboard.com. Kommentit Kun vierailijat j\u00e4tt\u00e4v\u00e4t kommentteja sivustolle, ker\u00e4\u00e4mme lomakkeessa n\u00e4kyv\u00e4t tiedot sek\u00e4 vierailijan IP-osoitteen ja selaimen k\u00e4ytt\u00e4j\u00e4agenttimerkinn\u00e4n roskapostin tunnistamiseksi. S\u00e4hk\u00f6postiosoitteestasi luotu anonymisoitu merkkijono (jota kutsutaan my\u00f6s hashiksi) voidaan toimittaa Gravatar-palvelulle tarkistamaan, k\u00e4yt\u00e4tk\u00f6 sit\u00e4. Gravatar-palvelun tietosuojak\u00e4yt\u00e4nt\u00f6 on saatavilla t\u00e4\u00e4ll\u00e4: https:\/\/automattic.com\/privacy\/. Kommenttisi hyv\u00e4ksymisen j\u00e4lkeen profiilikuvasi on n\u00e4kyviss\u00e4 yleis\u00f6lle kommenttisi yhteydess\u00e4. Mediatiedostot Jos [&hellip;]<\/p>\n","protected":false},"author":1,"featured_media":0,"parent":0,"menu_order":0,"comment_status":"closed","ping_status":"open","template":"","meta":{"footnotes":""},"class_list":["post-7302","page","type-page","status-publish","hentry"],"blocksy_meta":{"has_hero_section":"enabled","hero_elements":[{"id":"custom_title","enabled":true,"heading_tag":"h1","title":"Home","__id":"bA4NeOJ7s2DHlpdqMHUWo"},{"id":"custom_description","enabled":true,"description_visibility":{"desktop":true,"tablet":true,"mobile":false},"__id":"M-ilGLft2tb-igCyt8lhC"},{"id":"custom_meta","enabled":false,"meta_elements":[{"id":"author","enabled":true,"label":"By","has_author_avatar":"yes","avatar_size":25},{"id":"post_date","enabled":true,"label":"On","date_format_source":"default","date_format":"M j, Y"},{"id":"updated_date","enabled":false,"label":"On","date_format_source":"default","date_format":"M j, Y"},{"id":"categories","enabled":false,"label":"In","style":"simple"},{"id":"comments","enabled":true}],"page_meta_elements":{"joined":true,"articles_count":true,"comments":true},"__id":"GoNz5wKaIbsuC3hvEPfD2"},{"id":"breadcrumbs","enabled":false,"__id":"nIfTc7Gx6Xtqt4DpB0OVh"},{"id":"content-block","enabled":false,"__id":"KRd8hlpqIyqDm94QZT2Ty"}],"pageTitleFont":{"family":"Default","variation":"Default","size":"56px","line-height":"CT_CSS_SKIP_RULE","letter-spacing":"CT_CSS_SKIP_RULE","text-transform":"CT_CSS_SKIP_RULE","text-decoration":"CT_CSS_SKIP_RULE"},"styles_descriptor":{"styles":{"desktop":"[data-prefix=\"single_page\"] .entry-header .page-title {--theme-font-size:56px;} [data-prefix=\"single_page\"] .entry-header .entry-meta {--theme-font-weight:600;--theme-text-transform:uppercase;--theme-font-size:12px;--theme-line-height:1.3;}","tablet":"","mobile":""},"google_fonts":{"Open Sans":["n4","n6"]},"version":6}},"_links":{"self":[{"href":"https:\/\/hdicircuitboard.com\/fi\/wp-json\/wp\/v2\/pages\/7302","targetHints":{"allow":["GET"]}}],"collection":[{"href":"https:\/\/hdicircuitboard.com\/fi\/wp-json\/wp\/v2\/pages"}],"about":[{"href":"https:\/\/hdicircuitboard.com\/fi\/wp-json\/wp\/v2\/types\/page"}],"author":[{"embeddable":true,"href":"https:\/\/hdicircuitboard.com\/fi\/wp-json\/wp\/v2\/users\/1"}],"replies":[{"embeddable":true,"href":"https:\/\/hdicircuitboard.com\/fi\/wp-json\/wp\/v2\/comments?post=7302"}],"version-history":[{"count":1,"href":"https:\/\/hdicircuitboard.com\/fi\/wp-json\/wp\/v2\/pages\/7302\/revisions"}],"predecessor-version":[{"id":7303,"href":"https:\/\/hdicircuitboard.com\/fi\/wp-json\/wp\/v2\/pages\/7302\/revisions\/7303"}],"wp:attachment":[{"href":"https:\/\/hdicircuitboard.com\/fi\/wp-json\/wp\/v2\/media?parent=7302"}],"curies":[{"name":"wp","href":"https:\/\/api.w.org\/{rel}","templated":true}]}}