{"id":6801,"date":"2024-12-30T04:18:13","date_gmt":"2024-12-29T20:18:13","guid":{"rendered":"https:\/\/hdicircuitboard.com\/demander-un-devis\/"},"modified":"2025-12-05T19:50:02","modified_gmt":"2025-12-05T11:50:02","slug":"demander-un-devis","status":"publish","type":"page","link":"https:\/\/hdicircuitboard.com\/fr\/demander-un-devis\/","title":{"rendered":"DEMANDER UN DEVIS"},"content":{"rendered":"\t\t<div data-elementor-type=\"wp-page\" data-elementor-id=\"6801\" class=\"elementor elementor-6801 elementor-65\" data-elementor-settings=\"{&quot;ha_cmc_init_switcher&quot;:&quot;no&quot;}\" data-elementor-post-type=\"page\">\n\t\t\t\t<div class=\"elementor-element elementor-element-3b82c98 e-flex e-con-boxed e-con e-parent\" data-id=\"3b82c98\" data-element_type=\"container\" data-settings=\"{&quot;background_background&quot;:&quot;classic&quot;,&quot;_ha_eqh_enable&quot;:false}\">\n\t\t\t\t\t<div class=\"e-con-inner\">\n\t\t<div class=\"elementor-element elementor-element-157209b e-con-full e-flex e-con e-child\" data-id=\"157209b\" data-element_type=\"container\" data-settings=\"{&quot;_ha_eqh_enable&quot;:false}\">\n\t\t<div class=\"elementor-element elementor-element-763af48 e-con-full e-flex e-con e-child\" data-id=\"763af48\" data-element_type=\"container\" data-settings=\"{&quot;_ha_eqh_enable&quot;:false}\">\n\t\t\t\t<div class=\"elementor-element elementor-element-47df530 elementor-widget elementor-widget-heading\" data-id=\"47df530\" data-element_type=\"widget\" data-widget_type=\"heading.default\">\n\t\t\t\t\t<h1 class=\"elementor-heading-title elementor-size-default\">DEMANDER UN DEVIS<\/h1>\t\t\t\t<\/div>\n\t\t\t\t<div class=\"elementor-element elementor-element-3e0b3bd elementor-widget elementor-widget-text-editor\" data-id=\"3e0b3bd\" data-element_type=\"widget\" data-widget_type=\"text-editor.default\">\n\t\t\t\t\t\t\t\t\t<p>Utilisez le formulaire ci-dessous pour envoyer votre demande<\/p>\n\t\t\t\t\t\t\t\t<\/div>\n\t\t\t\t<\/div>\n\t\t<div class=\"elementor-element elementor-element-daff6dc e-con-full e-flex e-con e-child\" data-id=\"daff6dc\" data-element_type=\"container\" data-settings=\"{&quot;_ha_eqh_enable&quot;:false}\">\n\t\t\t\t<div class=\"elementor-element elementor-element-c103505 elementor-widget elementor-widget-heading\" data-id=\"c103505\" data-element_type=\"widget\" data-widget_type=\"heading.default\">\n\t\t\t\t\t<div class=\"elementor-heading-title elementor-size-default\">Les informations n\u00e9cessaires suivantes doivent \u00eatre fournies avant de soumettre votre demande de devis. <\/div>\t\t\t\t<\/div>\n\t\t<div class=\"elementor-element elementor-element-fc1e6e6 e-con-full e-grid e-con e-child\" data-id=\"fc1e6e6\" data-element_type=\"container\" data-settings=\"{&quot;background_background&quot;:&quot;classic&quot;,&quot;_ha_eqh_enable&quot;:false}\">\n\t\t\t\t<div class=\"elementor-element elementor-element-335bfc8 elementor-view-default elementor-widget elementor-widget-icon\" data-id=\"335bfc8\" data-element_type=\"widget\" data-widget_type=\"icon.default\">\n\t\t\t\t\t\t\t<div class=\"elementor-icon-wrapper\">\n\t\t\t<div class=\"elementor-icon\">\n\t\t\t<svg xmlns=\"http:\/\/www.w3.org\/2000\/svg\" width=\"80\" height=\"80\" viewBox=\"0 0 80 80\" fill=\"none\"><path d=\"M71.1236 40C71.1236 22.5689 56.9929 8.43823 39.5618 8.43823C22.1307 8.43823 8 22.5689 8 40C8 57.4312 22.1307 71.5619 39.5618 71.5619\" stroke=\"#C7E4FF\" stroke-width=\"4\" stroke-linecap=\"round\"><\/path><path d=\"M40.9805 22.4657V40.4384H23.0078\" stroke=\"#C7E4FF\" stroke-width=\"4\" stroke-linecap=\"round\"><\/path><path d=\"M50.082 52.7124H72\" stroke=\"#007CF1\" stroke-width=\"4\" stroke-linecap=\"round\"><\/path><path d=\"M50.082 66.74H72\" stroke=\"#007CF1\" stroke-width=\"4\" stroke-linecap=\"round\"><\/path><\/svg>\t\t\t<\/div>\n\t\t<\/div>\n\t\t\t\t\t\t<\/div>\n\t\t<div class=\"elementor-element elementor-element-6caf245 e-con-full e-flex e-con e-child\" data-id=\"6caf245\" data-element_type=\"container\" data-settings=\"{&quot;_ha_eqh_enable&quot;:false}\">\n\t\t\t\t<div class=\"elementor-element elementor-element-f400dab elementor-widget elementor-widget-heading\" data-id=\"f400dab\" data-element_type=\"widget\" data-widget_type=\"heading.default\">\n\t\t\t\t\t<div class=\"elementor-heading-title elementor-size-default\">Quantit\u00e9 et D\u00e9lai de Livraison<\/div>\t\t\t\t<\/div>\n\t\t\t\t<div class=\"elementor-element elementor-element-158aa51 elementor-widget elementor-widget-text-editor\" data-id=\"158aa51\" data-element_type=\"widget\" data-widget_type=\"text-editor.default\">\n\t\t\t\t\t\t\t\t\t<ul>\n<li>Quantit\u00e9s : Le nombre de circuits imprim\u00e9s requis<\/li>\n<li>D\u00e9lai de livraison : Votre \u00e9ch\u00e9ance pour l&rsquo;exp\u00e9dition de la commande, \u00e9galement appel\u00e9 d\u00e9lai de fabrication (un d\u00e9lai court augmente les co\u00fbts)<\/li>\n<\/ul>\n\t\t\t\t\t\t\t\t<\/div>\n\t\t\t\t<\/div>\n\t\t\t\t<\/div>\n\t\t<div class=\"elementor-element elementor-element-33416f6 e-con-full e-grid e-con e-child\" data-id=\"33416f6\" data-element_type=\"container\" data-settings=\"{&quot;background_background&quot;:&quot;classic&quot;,&quot;_ha_eqh_enable&quot;:false}\">\n\t\t\t\t<div class=\"elementor-element elementor-element-d2da071 elementor-view-default elementor-widget elementor-widget-icon\" data-id=\"d2da071\" data-element_type=\"widget\" data-widget_type=\"icon.default\">\n\t\t\t\t\t\t\t<div class=\"elementor-icon-wrapper\">\n\t\t\t<div class=\"elementor-icon\">\n\t\t\t<svg xmlns=\"http:\/\/www.w3.org\/2000\/svg\" width=\"80\" height=\"80\" viewBox=\"0 0 80 80\" fill=\"none\"><mask id=\"path-1-inside-1_766_2800\" fill=\"white\"><rect x=\"9\" y=\"11\" width=\"24.3573\" height=\"24.3573\" rx=\"2.06662\"><\/rect><\/mask><rect x=\"9\" y=\"11\" width=\"24.3573\" height=\"24.3573\" rx=\"2.06662\" stroke=\"#C7E4FF\" stroke-width=\"6.19986\" mask=\"url(#path-1-inside-1_766_2800)\"><\/rect><mask id=\"path-2-inside-2_766_2800\" fill=\"white\"><rect x=\"9\" y=\"44.2144\" width=\"24.3573\" height=\"24.3573\" rx=\"2.06662\"><\/rect><\/mask><rect x=\"9\" y=\"44.2144\" width=\"24.3573\" height=\"24.3573\" rx=\"2.06662\" stroke=\"#C7E4FF\" stroke-width=\"6.19986\" mask=\"url(#path-2-inside-2_766_2800)\"><\/rect><path d=\"M17.2969 23.284L19.6971 25.6842L24.4974 21.2267\" stroke=\"#C7E4FF\" stroke-width=\"2.56012\" stroke-linecap=\"round\"><\/path><path d=\"M17.2969 56.4563L19.6971 58.8565L24.4974 54.399\" stroke=\"#C7E4FF\" stroke-width=\"2.56012\" stroke-linecap=\"round\"><\/path><path d=\"M43.3203 17.6428H70.9991\" stroke=\"#007CF1\" stroke-width=\"4.13324\" stroke-linecap=\"round\"><\/path><path d=\"M43.3203 50.8574H70.9991\" stroke=\"#007CF1\" stroke-width=\"4.13324\" stroke-linecap=\"round\"><\/path><path d=\"M43.3203 28.7144H70.9991\" stroke=\"#007CF1\" stroke-width=\"4.13324\" stroke-linecap=\"round\"><\/path><path d=\"M43.3203 61.929H70.9991\" stroke=\"#007CF1\" stroke-width=\"4.13324\" stroke-linecap=\"round\"><\/path><\/svg>\t\t\t<\/div>\n\t\t<\/div>\n\t\t\t\t\t\t<\/div>\n\t\t<div class=\"elementor-element elementor-element-2b1ca59 e-con-full e-flex e-con e-child\" data-id=\"2b1ca59\" data-element_type=\"container\" data-settings=\"{&quot;_ha_eqh_enable&quot;:false}\">\n\t\t\t\t<div class=\"elementor-element elementor-element-d8a75a4 elementor-widget elementor-widget-heading\" data-id=\"d8a75a4\" data-element_type=\"widget\" data-widget_type=\"heading.default\">\n\t\t\t\t\t<div class=\"elementor-heading-title elementor-size-default\">Sp\u00e9cifications du Circuit Imprim\u00e9<\/div>\t\t\t\t<\/div>\n\t\t\t\t<div class=\"elementor-element elementor-element-555f1b4 elementor-widget elementor-widget-text-editor\" data-id=\"555f1b4\" data-element_type=\"widget\" data-widget_type=\"text-editor.default\">\n\t\t\t\t\t\t\t\t\t<ul>\n<li>Mat\u00e9riau de base : Type de mat\u00e9riau du circuit imprim\u00e9 (FR4, FR4 haute temp\u00e9rature, Rogers, T\u00e9flon, etc.). Le FR4 est standard <\/li>\n<li>Poids du cuivre : 0,5 oz, 1 oz, 2 oz, etc. 1 oz est standard<\/li>\n<li>\u00c9paisseur du circuit et tol\u00e9rance : 0,062 pouces, 0,032 pouces, 0,093 pouces. 0,062 pouces est standard <\/li>\n<li>Couleur de la masque de soudure et de la s\u00e9rigraphie : Masque de soudure vert est standard, s\u00e9rigraphie blanche est standard<\/li>\n<li>Finition de surface : SMOBC, HAL, or immersion, etc. SMOBC et HAL sont standard <\/li>\n<li>Format de livraison : Souhaitez-vous que vos circuits restent en panneau ou soient fournis coup\u00e9s individuellement ?<\/li>\n<\/ul>\n\t\t\t\t\t\t\t\t<\/div>\n\t\t\t\t<\/div>\n\t\t\t\t<\/div>\n\t\t<div class=\"elementor-element elementor-element-341e939 e-con-full e-grid e-con e-child\" data-id=\"341e939\" data-element_type=\"container\" data-settings=\"{&quot;background_background&quot;:&quot;classic&quot;,&quot;_ha_eqh_enable&quot;:false}\">\n\t\t\t\t<div class=\"elementor-element elementor-element-91cc081 elementor-view-default elementor-widget elementor-widget-icon\" data-id=\"91cc081\" data-element_type=\"widget\" data-widget_type=\"icon.default\">\n\t\t\t\t\t\t\t<div class=\"elementor-icon-wrapper\">\n\t\t\t<div class=\"elementor-icon\">\n\t\t\t<svg xmlns=\"http:\/\/www.w3.org\/2000\/svg\" width=\"80\" height=\"80\" viewBox=\"0 0 80 80\" fill=\"none\"><rect x=\"10\" y=\"10\" width=\"60\" height=\"60\" rx=\"30\" stroke=\"#C7E4FF\" stroke-width=\"4\"><\/rect><path d=\"M26 55H54H26Z\" fill=\"#007CF1\"><\/path><path d=\"M26 55H54\" stroke=\"#007CF1\" stroke-width=\"3\" stroke-linecap=\"round\" stroke-linejoin=\"round\"><\/path><path d=\"M29.1641 41.2666V47.3333H35.2617L52.4974 30.0901L46.41 24L29.1641 41.2666Z\" fill=\"#007CF1\" stroke=\"#007CF1\" stroke-width=\"1.66667\" stroke-linejoin=\"round\"><\/path><\/svg>\t\t\t<\/div>\n\t\t<\/div>\n\t\t\t\t\t\t<\/div>\n\t\t<div class=\"elementor-element elementor-element-eeb17a9 e-con-full e-flex e-con e-child\" data-id=\"eeb17a9\" data-element_type=\"container\" data-settings=\"{&quot;_ha_eqh_enable&quot;:false}\">\n\t\t\t\t<div class=\"elementor-element elementor-element-5603c25 elementor-widget elementor-widget-heading\" data-id=\"5603c25\" data-element_type=\"widget\" data-widget_type=\"heading.default\">\n\t\t\t\t\t<div class=\"elementor-heading-title elementor-size-default\">Exigences de Fabrication et d'Assemblage de Circuits Imprim\u00e9s<\/div>\t\t\t\t<\/div>\n\t\t\t\t<div class=\"elementor-element elementor-element-82f7427 elementor-widget elementor-widget-text-editor\" data-id=\"82f7427\" data-element_type=\"widget\" data-widget_type=\"text-editor.default\">\n\t\t\t\t\t\t\t\t\t<ul>\n<li>Fabrication de circuits imprim\u00e9s : Fichiers Gerber au format RS-274-X , fichiers de per\u00e7age, IPC-356A (optionnel)<\/li>\n<li>Assemblage de circuits imprim\u00e9s : Fichiers Gerber RS-274-X format, fichiers de per\u00e7age, donn\u00e9es X-Y, Liste des mat\u00e9riaux (BOM) au format Excel, image visuelle 3D ou PDF et dessin d&rsquo;assemblage.<\/li>\n<\/ul>\n\t\t\t\t\t\t\t\t<\/div>\n\t\t\t\t<\/div>\n\t\t\t\t<\/div>\n\t\t\t\t<\/div>\n\t\t\t\t<\/div>\n\t\t<div class=\"elementor-element elementor-element-dda935e e-con-full e-flex e-con e-child\" data-id=\"dda935e\" data-element_type=\"container\" data-settings=\"{&quot;background_background&quot;:&quot;classic&quot;,&quot;_ha_eqh_enable&quot;:false}\">\n\t\t<div class=\"elementor-element elementor-element-b430cfd e-con-full e-flex e-con e-child\" data-id=\"b430cfd\" data-element_type=\"container\" data-settings=\"{&quot;background_background&quot;:&quot;classic&quot;,&quot;_ha_eqh_enable&quot;:false}\">\n\t\t\t\t<div class=\"elementor-element elementor-element-efa0c39 elementor-widget elementor-widget-heading\" data-id=\"efa0c39\" data-element_type=\"widget\" data-widget_type=\"heading.default\">\n\t\t\t\t\t<h2 class=\"elementor-heading-title elementor-size-default\">Demande de devis rapide<\/h2>\t\t\t\t<\/div>\n\t\t\t\t<div class=\"elementor-element elementor-element-d0037f8 ha-form-btn--center elementor-widget elementor-widget-ha-wpform happy-addon ha-wpform\" data-id=\"d0037f8\" data-element_type=\"widget\" data-widget_type=\"ha-wpform.default\">\n\t\t\t\t\t<div class=\"wpforms-container wpforms-render-modern\" id=\"wpforms-589\"><form id=\"wpforms-form-589\" class=\"wpforms-validate wpforms-form wpforms-ajax-form\" data-formid=\"589\" method=\"post\" enctype=\"multipart\/form-data\" action=\"\/fr\/wp-json\/wp\/v2\/pages\/6801?wpforms_form_id=589\" data-token=\"ae3d0725e288908b1a3560158709b10f\" data-token-time=\"1777049806\"><noscript class=\"wpforms-error-noscript\">Please enable JavaScript in your browser to complete this form.<\/noscript><div class=\"wpforms-hidden\" id=\"wpforms-error-noscript\">Please enable JavaScript in your browser to complete this form.<\/div><div class=\"wpforms-field-container\"><div id=\"wpforms-589-field_2-container\" class=\"wpforms-field wpforms-field-name\" data-field-id=\"2\"><fieldset><legend class=\"wpforms-field-label\">Nom <span class=\"wpforms-required-label\" aria-hidden=\"true\">*<\/span><\/legend><div class=\"wpforms-field-row wpforms-field-large\"><div class=\"wpforms-field-row-block wpforms-first wpforms-one-half\"><input type=\"text\" id=\"wpforms-589-field_2\" class=\"wpforms-field-name-first wpforms-field-required\" name=\"wpforms[fields][2][first]\" placeholder=\"Pr\u00e9nom\" aria-errormessage=\"wpforms-589-field_2-error\" required><label for=\"wpforms-589-field_2\" class=\"wpforms-field-sublabel after wpforms-sublabel-hide\">First<\/label><\/div><div class=\"wpforms-field-row-block wpforms-one-half\"><input type=\"text\" id=\"wpforms-589-field_2-last\" class=\"wpforms-field-name-last wpforms-field-required\" name=\"wpforms[fields][2][last]\" placeholder=\"Nom de famille\" aria-errormessage=\"wpforms-589-field_2-last-error\" required><label for=\"wpforms-589-field_2-last\" class=\"wpforms-field-sublabel after wpforms-sublabel-hide\">Last<\/label><\/div><\/div><\/fieldset><\/div><div id=\"wpforms-589-field_3-container\" class=\"wpforms-field wpforms-field-layout\" data-field-id=\"3\"><div class=\"wpforms-field-layout-rows wpforms-field-large\"><div class=\"wpforms-layout-row\"><div class=\"wpforms-layout-column wpforms-layout-column-50\"><div id=\"wpforms-589-field_4-container\" class=\"wpforms-field wpforms-field-email\" data-field-id=\"4\"><label class=\"wpforms-field-label\" for=\"wpforms-589-field_4\">Email <span class=\"wpforms-required-label\" aria-hidden=\"true\">*<\/span><\/label><input type=\"email\" id=\"wpforms-589-field_4\" class=\"wpforms-field-medium wpforms-field-required\" name=\"wpforms[fields][4]\" placeholder=\"Email\" spellcheck=\"false\" aria-errormessage=\"wpforms-589-field_4-error\" required><\/div><\/div><div class=\"wpforms-layout-column wpforms-layout-column-50\"><div id=\"wpforms-589-field_5-container\" class=\"wpforms-field wpforms-field-phone\" data-field-id=\"5\"><label class=\"wpforms-field-label\" for=\"wpforms-589-field_5\">T\u00c9L\u00c9PHONE <span class=\"wpforms-required-label\" aria-hidden=\"true\">*<\/span><\/label><input type=\"tel\" id=\"wpforms-589-field_5\" class=\"wpforms-field-medium wpforms-field-required\" data-rule-int-phone-field=\"true\" name=\"wpforms[fields][5]\" placeholder=\"T\u00c9L\u00c9PHONE\" aria-label=\"T\u00c9L\u00c9PHONE\" aria-errormessage=\"wpforms-589-field_5-error\" required><\/div><\/div><\/div><\/div><\/div><div id=\"wpforms-589-field_6-container\" class=\"wpforms-field wpforms-field-text\" data-field-id=\"6\"><label class=\"wpforms-field-label\" for=\"wpforms-589-field_6\">Soci\u00e9t\u00e9 <span class=\"wpforms-required-label\" aria-hidden=\"true\">*<\/span><\/label><input type=\"text\" id=\"wpforms-589-field_6\" class=\"wpforms-field-large wpforms-field-required\" name=\"wpforms[fields][6]\" placeholder=\"Soci\u00e9t\u00e9\" aria-errormessage=\"wpforms-589-field_6-error\" required><\/div><div id=\"wpforms-589-field_7-container\" class=\"wpforms-field wpforms-field-textarea\" data-field-id=\"7\"><label class=\"wpforms-field-label\" for=\"wpforms-589-field_7\">Commentaires suppl\u00e9mentaires : (Facultatif)<\/label><textarea id=\"wpforms-589-field_7\" class=\"wpforms-field-medium\" name=\"wpforms[fields][7]\" aria-errormessage=\"wpforms-589-field_7-error\" aria-describedby=\"wpforms-589-field_7-description\" ><\/textarea><div id=\"wpforms-589-field_7-description\" class=\"wpforms-field-description\"><div><b>Si disponibles, veuillez t\u00e9l\u00e9charger les fichiers suivants :<\/b><br>\u2022 Donn\u00e9es Gerber\u2028\u2028<br>\u2022 Sch\u00e9ma (Orcad Capture, Power Logic ou PDF)\u2028\u2028<br>\u2022 NetList (format PowerPCB)\u2028\u2028<br>\u2022 Dessins d'assemblage (AutoCad ou PDF)\u2028\u2028<br>\u2022 BOM (Liste des mat\u00e9riaux) avec fiches techniques des empreintes\u2028\u2028<br>\u2022 Dessin de fabrication\u2028\u2028<br>\u2022 Toutes autres informations pertinentes<\/div><\/div><div id=\"wpforms-589-field_8-container\" class=\"wpforms-field wpforms-field-file-upload\" data-field-id=\"8\"><label class=\"wpforms-field-label\" for=\"wpforms-589-field_8\">LES FICHIERS MULTIPLES DOIVENT \u00caTRE DANS UN FORMAT COMPRESS\u00c9.<\/label><div\n\t\tclass=\"wpforms-uploader\"\n\t\tdata-field-id=\"8\"\n\t\tdata-form-id=\"589\"\n\t\tdata-input-name=\"wpforms_589_8\"\n\t\tdata-extensions=\"rar,zip,tgz,7z,tar,pdf,dxf,dwg,xlsx,xls,doc,docx,txt,xps,csv,rtf,jpg\"\n\t\tdata-max-size=\"104857600\"\n\t\tdata-max-file-number=\"20\"\n\t\tdata-post-max-size=\"134217728\"\n\t\tdata-max-parallel-uploads=\"4\"\n\t\tdata-parallel-uploads=\"true\"\n\t\tdata-file-chunk-size=\"2097152\">\n\t<div class=\"dz-message\">\n\t\t<svg viewBox=\"0 0 1024 1024\" focusable=\"false\" data-icon=\"inbox\" width=\"50px\" height=\"50px\" fill=\"currentColor\" aria-hidden=\"true\">\n\t\t\t<path d=\"M885.2 446.3l-.2-.8-112.2-285.1c-5-16.1-19.9-27.2-36.8-27.2H281.2c-17 0-32.1 11.3-36.9 27.6L139.4 443l-.3.7-.2.8c-1.3 4.9-1.7 9.9-1 14.8-.1 1.6-.2 3.2-.2 4.8V830a60.9 60.9 0 0 0 60.8 60.8h627.2c33.5 0 60.8-27.3 60.9-60.8V464.1c0-1.3 0-2.6-.1-3.7.4-4.9 0-9.6-1.3-14.1zm-295.8-43l-.3 15.7c-.8 44.9-31.8 75.1-77.1 75.1-22.1 0-41.1-7.1-54.8-20.6S436 441.2 435.6 419l-.3-15.7H229.5L309 210h399.2l81.7 193.3H589.4zm-375 76.8h157.3c24.3 57.1 76 90.8 140.4 90.8 33.7 0 65-9.4 90.3-27.2 22.2-15.6 39.5-37.4 50.7-63.6h156.5V814H214.4V480.1z\"><\/path>\n\t\t<\/svg>\n\t\t<span class=\"modern-title\">Cliquez ou glissez-d\u00e9posez des fichiers dans cette zone pour les t\u00e9l\u00e9verser.<\/span>\n\n\t\t\t\t\t<span class=\"modern-hint\">You can upload up to 20 files.<\/span>\n\t\t\t<\/div>\n<\/div>\n<input\n\t\ttype=\"text\"\n\t\tautocomplete=\"off\"\n\t\treadonly\n\t\tclass=\"dropzone-input\"\n\t\tstyle=\"position:absolute!important;clip:rect(0,0,0,0)!important;height:1px!important;width:1px!important;border:0!important;overflow:hidden!important;padding:0!important;margin:0!important;\"\n\t\tid=\"wpforms-589-field_8\"\n\t\tname=\"wpforms_589_8\" \t\tvalue=\"\">\n<div id=\"wpforms-589-field_8-description\" class=\"wpforms-field-description\"><div>\n<b>Formats de fichiers accept\u00e9s : <\/b> rar, zip, tgz, 7z, tar, pdf, dxf, dwg, xlsx, xls, doc, docx, txt, xps, csv, rtf, jpg, Taille max. du fichier : 100 Mo, Nombre max. de fichiers : 20.<br\/>\n<\/div><\/div><\/div><\/div><!-- .wpforms-field-container --><div class=\"wpforms-submit-container\" ><input type=\"hidden\" name=\"wpforms[id]\" value=\"589\"><input type=\"hidden\" name=\"page_title\" value=\"\"><input type=\"hidden\" name=\"page_url\" value=\"https:\/\/hdicircuitboard.com\/fr\/wp-json\/wp\/v2\/pages\/6801\"><button type=\"submit\" name=\"wpforms[submit]\" id=\"wpforms-submit-589\" class=\"wpforms-submit\" data-alt-text=\"Envoi en cours...\" data-submit-text=\"Soumettre\" aria-live=\"assertive\" value=\"wpforms-submit\">Soumettre<\/button><img decoding=\"async\" src=\"https:\/\/hdicircuitboard.com\/wp-content\/plugins\/wpforms\/assets\/images\/submit-spin.svg\" class=\"wpforms-submit-spinner\" style=\"display: none;\" width=\"26\" height=\"26\" alt=\"Loading\"><\/div><\/form><\/div>  <!-- .wpforms-container -->\t\t\t\t<\/div>\n\t\t\t\t<\/div>\n\t\t\t\t<\/div>\n\t\t\t\t\t<\/div>\n\t\t\t\t<\/div>\n\t\t<div class=\"elementor-element elementor-element-217728b e-flex e-con-boxed e-con e-parent\" data-id=\"217728b\" data-element_type=\"container\" data-settings=\"{&quot;background_background&quot;:&quot;classic&quot;,&quot;_ha_eqh_enable&quot;:false}\">\n\t\t\t\t\t<div class=\"e-con-inner\">\n\t\t<div class=\"elementor-element elementor-element-d45de1d e-con-full e-flex e-con e-child\" data-id=\"d45de1d\" data-element_type=\"container\" data-settings=\"{&quot;_ha_eqh_enable&quot;:false}\">\n\t\t\t\t<div class=\"elementor-element elementor-element-4f976a7 elementor-widget elementor-widget-heading\" data-id=\"4f976a7\" data-element_type=\"widget\" data-widget_type=\"heading.default\">\n\t\t\t\t\t<h2 class=\"elementor-heading-title elementor-size-default\">Contactez-nous pour la fabrication et l'assemblage de circuits imprim\u00e9s <\/h2>\t\t\t\t<\/div>\n\t\t\t\t<div class=\"elementor-element elementor-element-b542345 elementor-widget elementor-widget-text-editor\" data-id=\"b542345\" data-element_type=\"widget\" data-widget_type=\"text-editor.default\">\n\t\t\t\t\t\t\t\t\t<p>Nous sommes \u00e0 votre disposition et nous sommes impatients de vous servir.<\/p>\n\t\t\t\t\t\t\t\t<\/div>\n\t\t\t\t<\/div>\n\t\t\t\t<div class=\"elementor-element elementor-element-b605de1 elementor-align-center elementor-widget elementor-widget-button\" data-id=\"b605de1\" data-element_type=\"widget\" data-widget_type=\"button.default\">\n\t\t\t\t\t\t\t\t\t\t<a class=\"elementor-button elementor-button-link elementor-size-sm\" href=\"https:\/\/hdicircuitboard.com\/fr\/demander-un-devis\/\">\n\t\t\t\t\t\t<span class=\"elementor-button-content-wrapper\">\n\t\t\t\t\t\t<span class=\"elementor-button-icon\">\n\t\t\t\t<svg xmlns=\"http:\/\/www.w3.org\/2000\/svg\" width=\"25\" height=\"25\" viewBox=\"0 0 25 25\" fill=\"none\"><path d=\"M21.5 12.5H3.5\" stroke=\"white\" stroke-width=\"2\" stroke-linecap=\"round\" stroke-linejoin=\"round\"><\/path><path d=\"M15.5 6.5L21.5 12.5L15.5 18.5\" stroke=\"white\" stroke-width=\"2\" stroke-linecap=\"round\" stroke-linejoin=\"round\"><\/path><\/svg>\t\t\t<\/span>\n\t\t\t\t\t\t\t\t\t<span class=\"elementor-button-text\">Demander un devis<\/span>\n\t\t\t\t\t<\/span>\n\t\t\t\t\t<\/a>\n\t\t\t\t\t\t\t\t<\/div>\n\t\t\t\t\t<\/div>\n\t\t\t\t<\/div>\n\t\t\t\t<\/div>\n\t\t","protected":false},"excerpt":{"rendered":"<p>DEMANDER UN DEVIS Utilisez le formulaire ci-dessous pour envoyer votre demande Les informations n\u00e9cessaires suivantes doivent \u00eatre fournies avant de soumettre votre demande de devis. Quantit\u00e9 et D\u00e9lai de Livraison Quantit\u00e9s : Le nombre de circuits imprim\u00e9s requis D\u00e9lai de livraison : Votre \u00e9ch\u00e9ance pour l&rsquo;exp\u00e9dition de la commande, \u00e9galement appel\u00e9 d\u00e9lai de fabrication (un [&hellip;]<\/p>\n","protected":false},"author":1,"featured_media":0,"parent":0,"menu_order":0,"comment_status":"closed","ping_status":"closed","template":"","meta":{"footnotes":""},"class_list":["post-6801","page","type-page","status-publish","hentry"],"blocksy_meta":{"has_hero_section":"disabled","vertical_spacing_source":"custom","content_area_spacing":"none","styles_descriptor":{"styles":{"desktop":"","tablet":"","mobile":""},"google_fonts":[],"version":6}},"_links":{"self":[{"href":"https:\/\/hdicircuitboard.com\/fr\/wp-json\/wp\/v2\/pages\/6801","targetHints":{"allow":["GET"]}}],"collection":[{"href":"https:\/\/hdicircuitboard.com\/fr\/wp-json\/wp\/v2\/pages"}],"about":[{"href":"https:\/\/hdicircuitboard.com\/fr\/wp-json\/wp\/v2\/types\/page"}],"author":[{"embeddable":true,"href":"https:\/\/hdicircuitboard.com\/fr\/wp-json\/wp\/v2\/users\/1"}],"replies":[{"embeddable":true,"href":"https:\/\/hdicircuitboard.com\/fr\/wp-json\/wp\/v2\/comments?post=6801"}],"version-history":[{"count":4,"href":"https:\/\/hdicircuitboard.com\/fr\/wp-json\/wp\/v2\/pages\/6801\/revisions"}],"predecessor-version":[{"id":6958,"href":"https:\/\/hdicircuitboard.com\/fr\/wp-json\/wp\/v2\/pages\/6801\/revisions\/6958"}],"wp:attachment":[{"href":"https:\/\/hdicircuitboard.com\/fr\/wp-json\/wp\/v2\/media?parent=6801"}],"curies":[{"name":"wp","href":"https:\/\/api.w.org\/{rel}","templated":true}]}}