{"id":6866,"date":"2025-01-14T02:14:02","date_gmt":"2025-01-13T18:14:02","guid":{"rendered":"https:\/\/hdicircuitboard.com\/conditions-generales\/"},"modified":"2025-12-04T21:07:44","modified_gmt":"2025-12-04T13:07:44","slug":"conditions-generales","status":"publish","type":"page","link":"https:\/\/hdicircuitboard.com\/fr\/conditions-generales\/","title":{"rendered":"Conditions G\u00e9n\u00e9rales"},"content":{"rendered":"\n<h2 class=\"wp-block-heading\">Facturation et Paiement<\/h2>\n\n<ul class=\"wp-block-list\">\n<li>Les paiements pour toutes les factures seront effectu\u00e9s conform\u00e9ment aux conditions mentionn\u00e9es dans les devis et factures. Le client ne peut retenir le paiement des factures d\u00e9j\u00e0 \u00e9tablies pour quelque raison que ce soit, y compris un travail jug\u00e9 insatisfaisant, des retouches en attente, des circuits imprim\u00e9s non fonctionnels ou toute autre raison. <\/li>\n\n\n\n<li>Toutes les exp\u00e9ditions sont effectu\u00e9es DDU (Droits non acquitt\u00e9s).<\/li>\n\n\n\n<li>Les factures doivent \u00eatre r\u00e9gl\u00e9es int\u00e9gralement. Aucune d\u00e9duction n&rsquo;est autoris\u00e9e, sauf sur la base d&rsquo;un avoir \u00e9mis par Benchuang Electronics. <\/li>\n<\/ul>\n\n<h2 class=\"wp-block-heading\">Devis<\/h2>\n\n<ul class=\"wp-block-list\">\n<li>Les prix indiqu\u00e9s sont valables pendant 30 jours.<\/li>\n\n\n\n<li>Ce devis peut \u00eatre modifi\u00e9 si les informations sur lesquelles il repose s&rsquo;av\u00e8rent inexactes ou incompl\u00e8tes.<\/li>\n\n\n\n<li>Les d\u00e9lais de livraison sont susceptibles d&rsquo;\u00eatre modifi\u00e9s en fonction de la disponibilit\u00e9 des mat\u00e9riaux sp\u00e9ciaux aupr\u00e8s des fournisseurs.<\/li>\n<\/ul>\n\n<h2 class=\"wp-block-heading\">Responsabilit\u00e9<\/h2>\n\n<p>Limit\u00e9e au maximum de la valeur du bon de commande. Les commandes mises en attente pour cause de divergence pourront \u00eatre reprogramm\u00e9es. Des frais d&rsquo;annulation seront appliqu\u00e9s en cas d&rsquo;annulation de commande. Les frais d\u00e9pendront du stade d&rsquo;avancement de la commande au moment de l&rsquo;annulation. Les conceptions doivent respecter le planning d&rsquo;atelier au moment de la commande et seront soumises \u00e0 une analyse de fabricabilit\u00e9. Toutes les conceptions sont soumises \u00e0 une analyse de fabricabilit\u00e9. Restrictions technologiques et de planning d&rsquo;atelier \u00e9galement applicables.      <\/p>\n\n<h2 class=\"wp-block-heading\">Formats de fichiers accept\u00e9s<\/h2>\n\n<ul class=\"wp-block-list\">\n<li>Gerber RS274X<\/li>\n\n\n\n<li>HPGL1 &amp; 2<\/li>\n\n\n\n<li>DXF<\/li>\n\n\n\n<li>DWG<\/li>\n\n\n\n<li>Excellon<\/li>\n\n\n\n<li>ODB++<\/li>\n<\/ul>\n\n<h2 class=\"wp-block-heading\">Sp\u00e9cifications suppl\u00e9mentaires de format :<\/h2>\n\n<p>\u00c9viter toute forme de hachurage (ouvert ou ferm\u00e9).<\/p>\n\n<p>Donn\u00e9es AutoCAD \u2013 Les polygones sont pr\u00e9f\u00e9r\u00e9s.<\/p>\n\n<p>Les polygones doivent \u00eatre ferm\u00e9s.<\/p>\n\n<p>Toutes les ouvertures doivent \u00eatre de 0,5 mil ou plus.<\/p>\n\n<h2 class=\"wp-block-heading\">Politique de recyclage \u00e9cologique :<\/h2>\n\n<p>Dans l&rsquo;\u00e9lectronique, les circuits imprim\u00e9s, \u00e9galement appel\u00e9s cartes vertes, sont utilis\u00e9s pour supporter m\u00e9caniquement et connecter \u00e9lectriquement des composants \u00e9lectroniques \u00e0 l&rsquo;aide de pistes conductrices, grav\u00e9es \u00e0 partir de feuilles de cuivre lamin\u00e9es sur un substrat non conducteur. D&rsquo;autres appellations incluent carte de circuits imprim\u00e9s (PWB) et carte de c\u00e2blage grav\u00e9. Le peuplement de la carte avec des composants \u00e9lectroniques forme un assemblage de circuit imprim\u00e9 (PCA), \u00e9galement connu sous le nom d&rsquo;assemblage de carte de circuit imprim\u00e9 (PCBA). Cette technologie est consid\u00e9r\u00e9e comme \u00e9conomique. Chez Benchuang Electronics, nous recyclons tous les types de circuits imprim\u00e9s que nous traitons, qu&rsquo;ils soient peupl\u00e9s ou non. Dans le processus de recyclage de ces cartes, les m\u00e9taux pr\u00e9cieux utilis\u00e9s pour leur fabrication peuvent \u00eatre r\u00e9cup\u00e9r\u00e9s \u00e0 hauteur de 99 %.    <\/p>\n","protected":false},"excerpt":{"rendered":"<p>Facturation et Paiement Devis Responsabilit\u00e9 Limit\u00e9e au maximum de la valeur du bon de commande. Les commandes mises en attente pour cause de divergence pourront \u00eatre reprogramm\u00e9es. Des frais d&rsquo;annulation seront appliqu\u00e9s en cas d&rsquo;annulation de commande. Les frais d\u00e9pendront du stade d&rsquo;avancement de la commande au moment de l&rsquo;annulation. Les conceptions doivent respecter le [&hellip;]<\/p>\n","protected":false},"author":1,"featured_media":0,"parent":0,"menu_order":0,"comment_status":"closed","ping_status":"closed","template":"","meta":{"footnotes":""},"class_list":["post-6866","page","type-page","status-publish","hentry"],"blocksy_meta":{"has_hero_section":"enabled","pageTitleFont":{"family":"Default","variation":"Default","size":"56px","line-height":"CT_CSS_SKIP_RULE","letter-spacing":"CT_CSS_SKIP_RULE","text-transform":"CT_CSS_SKIP_RULE","text-decoration":"CT_CSS_SKIP_RULE"},"styles_descriptor":{"styles":{"desktop":"[data-prefix=\"single_page\"] .entry-header .page-title {--theme-font-size:56px;} [data-prefix=\"single_page\"] .entry-header .entry-meta {--theme-font-weight:600;--theme-text-transform:uppercase;--theme-font-size:12px;--theme-line-height:1.3;}","tablet":"","mobile":""},"google_fonts":{"Open Sans":["n4","n6"]},"version":6}},"_links":{"self":[{"href":"https:\/\/hdicircuitboard.com\/fr\/wp-json\/wp\/v2\/pages\/6866","targetHints":{"allow":["GET"]}}],"collection":[{"href":"https:\/\/hdicircuitboard.com\/fr\/wp-json\/wp\/v2\/pages"}],"about":[{"href":"https:\/\/hdicircuitboard.com\/fr\/wp-json\/wp\/v2\/types\/page"}],"author":[{"embeddable":true,"href":"https:\/\/hdicircuitboard.com\/fr\/wp-json\/wp\/v2\/users\/1"}],"replies":[{"embeddable":true,"href":"https:\/\/hdicircuitboard.com\/fr\/wp-json\/wp\/v2\/comments?post=6866"}],"version-history":[{"count":1,"href":"https:\/\/hdicircuitboard.com\/fr\/wp-json\/wp\/v2\/pages\/6866\/revisions"}],"predecessor-version":[{"id":6867,"href":"https:\/\/hdicircuitboard.com\/fr\/wp-json\/wp\/v2\/pages\/6866\/revisions\/6867"}],"wp:attachment":[{"href":"https:\/\/hdicircuitboard.com\/fr\/wp-json\/wp\/v2\/media?parent=6866"}],"curies":[{"name":"wp","href":"https:\/\/api.w.org\/{rel}","templated":true}]}}