{"id":7561,"date":"2025-01-14T02:14:02","date_gmt":"2025-01-13T18:14:02","guid":{"rendered":"https:\/\/hdicircuitboard.com\/allmanna-villkor\/"},"modified":"2025-12-11T11:15:23","modified_gmt":"2025-12-11T03:15:23","slug":"allmanna-villkor","status":"publish","type":"page","link":"https:\/\/hdicircuitboard.com\/sv\/allmanna-villkor\/","title":{"rendered":"Allm\u00e4nna villkor"},"content":{"rendered":"\n<h2 class=\"wp-block-heading\">Fakturering och betalning<\/h2>\n\n<ul class=\"wp-block-list\">\n<li>Betalningar f\u00f6r alla fakturor ska ske enligt de villkor som anges i offerter och fakturor. Kunden f\u00e5r inte h\u00e5lla inne betalning f\u00f6r redan utf\u00e4rdade fakturor av n\u00e5gon anledning, s\u00e5som otillfredsst\u00e4llande arbetsutf\u00f6rande, v\u00e4ntande efterarbete, icke-fungerande kretskort eller av n\u00e5gon annan orsak. <\/li>\n\n\n\n<li>Alla leveranser sker enligt DDU (Delivery Duty Unpaid).<\/li>\n\n\n\n<li>Fakturor ska betalas i sin helhet. Ingen avdrag \u00e4r till\u00e5ten om det inte baseras p\u00e5 en kreditnota fr\u00e5n Benchuang Electronics. <\/li>\n<\/ul>\n\n<h2 class=\"wp-block-heading\">Prisofferter<\/h2>\n\n<ul class=\"wp-block-list\">\n<li>De citerade priserna g\u00e4ller i 30 dagar.<\/li>\n\n\n\n<li>Denna offert kan komma att \u00e4ndras om den information som offerten baserades p\u00e5 visar sig vara felaktig eller ofullst\u00e4ndig.<\/li>\n\n\n\n<li>Leveransdatum kan komma att \u00e4ndras beroende p\u00e5 tillg\u00e5ngen p\u00e5 specialmaterial fr\u00e5n leverant\u00f6rer.<\/li>\n<\/ul>\n\n<h2 class=\"wp-block-heading\">Ansvar<\/h2>\n\n<p>Begr\u00e4nsat till maximalt ink\u00f6psorderv\u00e4rde (P.O. value). Best\u00e4llningar som s\u00e4tts p\u00e5 paus p\u00e5 grund av avvikelser kan komma att omplaneras. Avbokningsavgifter till\u00e4mpas om best\u00e4llningen avbryts. Avgifterna beror p\u00e5 best\u00e4llningens status vid tidpunkten f\u00f6r avbokningen.<br\/><br\/>Designer \u00e4r underkastade verkstadsschemal\u00e4ggning vid tidpunkten f\u00f6r best\u00e4llningen och kommer att granskas med avseende p\u00e5 tillverkningsbarhet. Alla designer \u00e4r underkastade tillverkningsbarhetsgranskning. Begr\u00e4nsningar g\u00e4llande teknik och verkstadsschemal\u00e4ggning till\u00e4mpas ocks\u00e5.      <\/p>\n\n<h2 class=\"wp-block-heading\">Godk\u00e4nda filformat<\/h2>\n\n<ul class=\"wp-block-list\">\n<li>Gerber RS274X<\/li>\n\n\n\n<li>HPGL1 &amp; 2<\/li>\n\n\n\n<li>DXF<\/li>\n\n\n\n<li>DWG<\/li>\n\n\n\n<li>Excellon<\/li>\n\n\n\n<li>ODB++<\/li>\n<\/ul>\n\n<h2 class=\"wp-block-heading\">Ytterligare formatspecifikationer:<\/h2>\n\n<p>Undvik alla former av korsstrecksfyllningar (\u00f6ppna eller st\u00e4ngda).<\/p>\n\n<p>AutoCAD-data \u2013 Polygoner f\u00f6redras.<\/p>\n\n<p>Polygoner m\u00e5ste vara slutna.<\/p>\n\n<p>Alla aperturer m\u00e5ste vara 0,5 mil eller st\u00f6rre.<\/p>\n\n<h2 class=\"wp-block-heading\">Gr\u00f6n \u00e5tervinningspolicy:<\/h2>\n\n<p>Inom elektronik anv\u00e4nds tryckta kretskort, \u00e4ven k\u00e4nda som &#8221;gr\u00f6na kort&#8221;, f\u00f6r att mekaniskt st\u00f6dja och elektriskt koppla elektroniska komponenter med hj\u00e4lp av ledande banor eller sp\u00e5r som etsats fr\u00e5n kopparplattor laminerade p\u00e5 ett icke-ledande substrat. Alternativa namn \u00e4r tryckt ledningskort (PWB) och etsat ledningskort. N\u00e4r kortet befolkas med elektroniska komponenter bildas ett monterat kretskort (PCA), \u00e4ven k\u00e4nt som ett monterat tryckt kretskort (PCBA). Denna teknik anses vara kostnadseffektiv.<br\/><br\/>P\u00e5 Benchuang Electronics \u00e5tervinner vi alla typer av tryckta kretskort som vi avyttrar, b\u00e5de befolkade och obefolkade kretskort. I \u00e5tervinningsprocessen av dessa kort kan de \u00e4delmetaller som anv\u00e4nds f\u00f6r att tillverka kortet \u00e5tervinnas upp till 99 %.    <\/p>\n","protected":false},"excerpt":{"rendered":"<p>Fakturering och betalning Prisofferter Ansvar Begr\u00e4nsat till maximalt ink\u00f6psorderv\u00e4rde (P.O. value). Best\u00e4llningar som s\u00e4tts p\u00e5 paus p\u00e5 grund av avvikelser kan komma att omplaneras. Avbokningsavgifter till\u00e4mpas om best\u00e4llningen avbryts. Avgifterna beror p\u00e5 best\u00e4llningens status vid tidpunkten f\u00f6r avbokningen. Designer \u00e4r underkastade verkstadsschemal\u00e4ggning vid tidpunkten f\u00f6r best\u00e4llningen och kommer att granskas med avseende p\u00e5 tillverkningsbarhet. Alla [&hellip;]<\/p>\n","protected":false},"author":1,"featured_media":0,"parent":0,"menu_order":0,"comment_status":"closed","ping_status":"closed","template":"","meta":{"footnotes":""},"class_list":["post-7561","page","type-page","status-publish","hentry"],"blocksy_meta":{"has_hero_section":"enabled","pageTitleFont":{"family":"Default","variation":"Default","size":"56px","line-height":"CT_CSS_SKIP_RULE","letter-spacing":"CT_CSS_SKIP_RULE","text-transform":"CT_CSS_SKIP_RULE","text-decoration":"CT_CSS_SKIP_RULE"},"styles_descriptor":{"styles":{"desktop":"[data-prefix=\"single_page\"] .entry-header .page-title {--theme-font-size:56px;} [data-prefix=\"single_page\"] .entry-header .entry-meta {--theme-font-weight:600;--theme-text-transform:uppercase;--theme-font-size:12px;--theme-line-height:1.3;}","tablet":"","mobile":""},"google_fonts":{"Open Sans":["n4","n6"]},"version":6}},"_links":{"self":[{"href":"https:\/\/hdicircuitboard.com\/sv\/wp-json\/wp\/v2\/pages\/7561","targetHints":{"allow":["GET"]}}],"collection":[{"href":"https:\/\/hdicircuitboard.com\/sv\/wp-json\/wp\/v2\/pages"}],"about":[{"href":"https:\/\/hdicircuitboard.com\/sv\/wp-json\/wp\/v2\/types\/page"}],"author":[{"embeddable":true,"href":"https:\/\/hdicircuitboard.com\/sv\/wp-json\/wp\/v2\/users\/1"}],"replies":[{"embeddable":true,"href":"https:\/\/hdicircuitboard.com\/sv\/wp-json\/wp\/v2\/comments?post=7561"}],"version-history":[{"count":1,"href":"https:\/\/hdicircuitboard.com\/sv\/wp-json\/wp\/v2\/pages\/7561\/revisions"}],"predecessor-version":[{"id":7562,"href":"https:\/\/hdicircuitboard.com\/sv\/wp-json\/wp\/v2\/pages\/7561\/revisions\/7562"}],"wp:attachment":[{"href":"https:\/\/hdicircuitboard.com\/sv\/wp-json\/wp\/v2\/media?parent=7561"}],"curies":[{"name":"wp","href":"https:\/\/api.w.org\/{rel}","templated":true}]}}