{"id":7563,"date":"2024-12-13T10:32:32","date_gmt":"2024-12-13T02:32:32","guid":{"rendered":"https:\/\/hdicircuitboard.com\/integritetspolicy\/"},"modified":"2025-12-11T12:51:05","modified_gmt":"2025-12-11T04:51:05","slug":"integritetspolicy","status":"publish","type":"page","link":"https:\/\/hdicircuitboard.com\/sv\/integritetspolicy\/","title":{"rendered":"Integritetspolicy"},"content":{"rendered":"\n<h2 class=\"wp-block-heading\">Vilka vi \u00e4r<\/h2>\n\n<p>V\u00e5r webbplatsadress \u00e4r: https:\/\/hdicircuitboard.com.<\/p>\n\n<h2 class=\"wp-block-heading\">Kommentarer<\/h2>\n\n<p>N\u00e4r bes\u00f6kare l\u00e4mnar kommentarer p\u00e5 webbplatsen samlar vi in uppgifterna som visas i kommentarsformul\u00e4ret, samt bes\u00f6karens IP-adress och webbl\u00e4sarens anv\u00e4ndaragentstr\u00e4ng f\u00f6r att hj\u00e4lpa till med skr\u00e4ppostdetektering.<\/p>\n\n<p>En anonymiserad str\u00e4ng skapad fr\u00e5n din e-postadress (kallad hash) kan skickas till Gravatar-tj\u00e4nsten f\u00f6r att kontrollera om du anv\u00e4nder den. Gravatar-tj\u00e4nstens integritetspolicy finns h\u00e4r: https:\/\/automattic.com\/privacy\/. Efter att din kommentar godk\u00e4nts blir din profilbild synlig f\u00f6r allm\u00e4nheten i samband med din kommentar. <\/p>\n\n<h2 class=\"wp-block-heading\">Media<\/h2>\n\n<p>Om du laddar upp bilder till webbplatsen b\u00f6r du undvika att ladda upp bilder med inb\u00e4ddad positionsdata (EXIF GPS). Bes\u00f6kare p\u00e5 webbplatsen kan ladda ner och extrahera positionsdata fr\u00e5n bilder p\u00e5 webbplatsen. <\/p>\n\n<h2 class=\"wp-block-heading\">Kakor (Cookies)<\/h2>\n\n<p>Om du l\u00e4mnar en kommentar p\u00e5 v\u00e5r webbplats kan du v\u00e4lja att spara ditt namn, e-postadress och webbplats i kakor. Dessa \u00e4r f\u00f6r din bekv\u00e4mlighet s\u00e5 att du inte beh\u00f6ver fylla i dina uppgifter igen n\u00e4r du l\u00e4mnar en ny kommentar. Dessa kakor sparas i ett \u00e5r.  <\/p>\n\n<p>Om du bes\u00f6ker v\u00e5r inloggningssida kommer vi att s\u00e4tta en tillf\u00e4llig kaka f\u00f6r att avg\u00f6ra om din webbl\u00e4sare accepterar kakor. Denna kaka inneh\u00e5ller inga personuppgifter och tas bort n\u00e4r du st\u00e4nger din webbl\u00e4sare. <\/p>\n\n<p>N\u00e4r du loggar in kommer vi ocks\u00e5 att skapa flera kakor f\u00f6r att spara din inloggningsinformation och dina sk\u00e4rmvisningsinst\u00e4llningar. Inloggningskakor sparas i tv\u00e5 dagar, och sk\u00e4rminst\u00e4llningskakor sparas i ett \u00e5r. Om du v\u00e4ljer &#8221;Kom ih\u00e5g mig&#8221; kommer din inloggning att vara aktiv i tv\u00e5 veckor. Om du loggar ut fr\u00e5n ditt konto tas inloggningskakorna bort.   <\/p>\n\n<p>Om du redigerar eller publicerar en artikel kommer en ytterligare kaka att sparas i din webbl\u00e4sare. Denna kaka inneh\u00e5ller inga personuppgifter och anger endast inl\u00e4ggs-ID f\u00f6r artikeln du just redigerade. Den upph\u00f6r att g\u00e4lla efter 1 dag.  <\/p>\n\n<h2 class=\"wp-block-heading\">Inb\u00e4ddat inneh\u00e5ll fr\u00e5n andra webbplatser<\/h2>\n\n<p>Artiklar p\u00e5 denna webbplats kan inneh\u00e5lla inb\u00e4ddat inneh\u00e5ll (t.ex. videor, bilder, artiklar etc.). Inb\u00e4ddat inneh\u00e5ll fr\u00e5n andra webbplatser fungerar p\u00e5 exakt samma s\u00e4tt som om bes\u00f6karen hade bes\u00f6kt den andra webbplatsen. <\/p>\n\n<p>Dessa webbplatser kan samla in uppgifter om dig, anv\u00e4nda kakor, b\u00e4dda in ytterligare sp\u00e5rning fr\u00e5n tredje part och \u00f6vervaka din interaktion med det inb\u00e4ddade inneh\u00e5llet, inklusive sp\u00e5rning av din interaktion om du har ett konto och \u00e4r inloggad p\u00e5 den webbplatsen.<\/p>\n\n<h2 class=\"wp-block-heading\">Vilka vi delar dina uppgifter med<\/h2>\n\n<p>Om du beg\u00e4r ett \u00e5terst\u00e4llning av l\u00f6senord kommer din IP-adress att ing\u00e5 i \u00e5terst\u00e4llningsmejlet.<\/p>\n\n<h2 class=\"wp-block-heading\">Hur l\u00e4nge vi beh\u00e5ller dina uppgifter<\/h2>\n\n<p>Om du l\u00e4mnar en kommentar sparas kommentaren och dess metadata p\u00e5 obest\u00e4md tid. Detta \u00e4r s\u00e5 att vi kan k\u00e4nna igen och godk\u00e4nna eventuella uppf\u00f6ljningskommentarer automatiskt ist\u00e4llet f\u00f6r att h\u00e5lla dem i ett modereringsk\u00f6. <\/p>\n\n<p>F\u00f6r anv\u00e4ndare som registrerar sig p\u00e5 v\u00e5r webbplats (om n\u00e5gra) sparar vi ocks\u00e5 den personliga information de anger i sin anv\u00e4ndarprofil. Alla anv\u00e4ndare kan se, redigera eller radera sin personliga information n\u00e4r som helst (f\u00f6rutom att de inte kan \u00e4ndra sitt anv\u00e4ndarnamn). Webbplatsadministrat\u00f6rer kan ocks\u00e5 se och redigera denna information.  <\/p>\n\n<h2 class=\"wp-block-heading\">Vilka r\u00e4ttigheter du har \u00f6ver dina uppgifter<\/h2>\n\n<p>Om du har ett konto p\u00e5 denna webbplats eller har l\u00e4mnat kommentarer kan du beg\u00e4ra att f\u00e5 en exporterad fil av de personuppgifter vi har om dig, inklusive alla uppgifter du har l\u00e4mnat till oss. Du kan ocks\u00e5 beg\u00e4ra att vi raderar alla personuppgifter vi har om dig. Detta inkluderar inte uppgifter som vi \u00e4r skyldiga att spara av administrativa, juridiska eller s\u00e4kerhetssk\u00e4l.  <\/p>\n\n<h2 class=\"wp-block-heading\">Vart dina uppgifter skickas<\/h2>\n\n<p>Bes\u00f6kares kommentarer kan kontrolleras via en automatiserad skr\u00e4ppostdetekteringstj\u00e4nst.<\/p>\n","protected":false},"excerpt":{"rendered":"<p>Vilka vi \u00e4r V\u00e5r webbplatsadress \u00e4r: https:\/\/hdicircuitboard.com. Kommentarer N\u00e4r bes\u00f6kare l\u00e4mnar kommentarer p\u00e5 webbplatsen samlar vi in uppgifterna som visas i kommentarsformul\u00e4ret, samt bes\u00f6karens IP-adress och webbl\u00e4sarens anv\u00e4ndaragentstr\u00e4ng f\u00f6r att hj\u00e4lpa till med skr\u00e4ppostdetektering. En anonymiserad str\u00e4ng skapad fr\u00e5n din e-postadress (kallad hash) kan skickas till Gravatar-tj\u00e4nsten f\u00f6r att kontrollera om du anv\u00e4nder den. Gravatar-tj\u00e4nstens [&hellip;]<\/p>\n","protected":false},"author":1,"featured_media":0,"parent":0,"menu_order":0,"comment_status":"closed","ping_status":"open","template":"","meta":{"footnotes":""},"class_list":["post-7563","page","type-page","status-publish","hentry"],"blocksy_meta":{"has_hero_section":"enabled","hero_elements":[{"id":"custom_title","enabled":true,"heading_tag":"h1","title":"Home","__id":"bA4NeOJ7s2DHlpdqMHUWo"},{"id":"custom_description","enabled":true,"description_visibility":{"desktop":true,"tablet":true,"mobile":false},"__id":"M-ilGLft2tb-igCyt8lhC"},{"id":"custom_meta","enabled":false,"meta_elements":[{"id":"author","enabled":true,"label":"By","has_author_avatar":"yes","avatar_size":25},{"id":"post_date","enabled":true,"label":"On","date_format_source":"default","date_format":"M j, Y"},{"id":"updated_date","enabled":false,"label":"On","date_format_source":"default","date_format":"M j, Y"},{"id":"categories","enabled":false,"label":"In","style":"simple"},{"id":"comments","enabled":true}],"page_meta_elements":{"joined":true,"articles_count":true,"comments":true},"__id":"GoNz5wKaIbsuC3hvEPfD2"},{"id":"breadcrumbs","enabled":false,"__id":"nIfTc7Gx6Xtqt4DpB0OVh"},{"id":"content-block","enabled":false,"__id":"KRd8hlpqIyqDm94QZT2Ty"}],"pageTitleFont":{"family":"Default","variation":"Default","size":"56px","line-height":"CT_CSS_SKIP_RULE","letter-spacing":"CT_CSS_SKIP_RULE","text-transform":"CT_CSS_SKIP_RULE","text-decoration":"CT_CSS_SKIP_RULE"},"styles_descriptor":{"styles":{"desktop":"[data-prefix=\"single_page\"] .entry-header .page-title {--theme-font-size:56px;} [data-prefix=\"single_page\"] .entry-header .entry-meta {--theme-font-weight:600;--theme-text-transform:uppercase;--theme-font-size:12px;--theme-line-height:1.3;}","tablet":"","mobile":""},"google_fonts":{"Open Sans":["n4","n6"]},"version":6}},"_links":{"self":[{"href":"https:\/\/hdicircuitboard.com\/sv\/wp-json\/wp\/v2\/pages\/7563","targetHints":{"allow":["GET"]}}],"collection":[{"href":"https:\/\/hdicircuitboard.com\/sv\/wp-json\/wp\/v2\/pages"}],"about":[{"href":"https:\/\/hdicircuitboard.com\/sv\/wp-json\/wp\/v2\/types\/page"}],"author":[{"embeddable":true,"href":"https:\/\/hdicircuitboard.com\/sv\/wp-json\/wp\/v2\/users\/1"}],"replies":[{"embeddable":true,"href":"https:\/\/hdicircuitboard.com\/sv\/wp-json\/wp\/v2\/comments?post=7563"}],"version-history":[{"count":1,"href":"https:\/\/hdicircuitboard.com\/sv\/wp-json\/wp\/v2\/pages\/7563\/revisions"}],"predecessor-version":[{"id":7564,"href":"https:\/\/hdicircuitboard.com\/sv\/wp-json\/wp\/v2\/pages\/7563\/revisions\/7564"}],"wp:attachment":[{"href":"https:\/\/hdicircuitboard.com\/sv\/wp-json\/wp\/v2\/media?parent=7563"}],"curies":[{"name":"wp","href":"https:\/\/api.w.org\/{rel}","templated":true}]}}